{"id":7360,"date":"2022-12-13T10:44:16","date_gmt":"2022-12-13T09:44:16","guid":{"rendered":"https:\/\/www.aiguesmanresa.cat\/nosotros\/fuentes-para-eventos\/"},"modified":"2023-05-04T11:51:59","modified_gmt":"2023-05-04T09:51:59","slug":"fuentes-para-eventos","status":"publish","type":"page","link":"https:\/\/www.aiguesmanresa.cat\/es\/fuentes-para-eventos\/","title":{"rendered":"Fuentes para eventos"},"content":{"rendered":"<p>[et_pb_section fb_built=\u00bb1&#8243; _builder_version=\u00bb4.17.4&#8243; custom_margin=\u00bb0px||0px||false|false\u00bb custom_padding=\u00bb0px||2rem||false|false\u00bb global_colors_info=\u00bb{}\u00bb theme_builder_area=\u00bbpost_content\u00bb][et_pb_row module_id=\u00bbnosaltres-onsom\u00bb _builder_version=\u00bb4.16&#8243; width=\u00bb95%\u00bb max_width=\u00bb1200px\u00bb custom_margin=\u00bb0px||0px||false|false\u00bb custom_padding=\u00bb5px||0px||false|false\u00bb global_colors_info=\u00bb{}\u00bb theme_builder_area=\u00bbpost_content\u00bb][et_pb_column type=\u00bb4_4&#8243; _builder_version=\u00bb4.16&#8243; global_colors_info=\u00bb{}\u00bb theme_builder_area=\u00bbpost_content\u00bb][et_pb_text admin_label=\u00bbT\u00edtol secci\u00f3\u00bb _builder_version=\u00bb4.17.4&#8243; _module_preset=\u00bbe41cdfd2-6ccc-4e74-990c-c4a09204eda6&#8243; saved_tabs=\u00bball\u00bb global_colors_info=\u00bb{}\u00bb theme_builder_area=\u00bbpost_content\u00bb]<\/p>\n<h1><strong>Fuentes para eventos<\/strong><\/h1>\n<p>[\/et_pb_text][\/et_pb_column][\/et_pb_row][et_pb_row column_structure=\u00bb1_2,1_2&#8243; module_id=\u00bbnosaltres-onsom\u00bb _builder_version=\u00bb4.16&#8243; width=\u00bb95%\u00bb max_width=\u00bb1200px\u00bb custom_margin=\u00bb0px||||false|false\u00bb custom_padding=\u00bb0px||||false|false\u00bb global_colors_info=\u00bb{}\u00bb theme_builder_area=\u00bbpost_content\u00bb][et_pb_column type=\u00bb1_2&#8243; _builder_version=\u00bb4.16&#8243; global_colors_info=\u00bb{}\u00bb theme_builder_area=\u00bbpost_content\u00bb][et_pb_button button_url=\u00bb@ET-DC@eyJkeW5hbWljIjp0cnVlLCJjb250ZW50IjoicG9zdF9saW5rX3VybF9wYWdlIiwic2V0dGluZ3MiOnsicG9zdF9pZCI6IjYwNzAifX0=@\u00bb button_text=\u00bbFormulario de solicitud\u00bb admin_label=\u00bbBTN Sollicitud fonts\u00bb _builder_version=\u00bb4.17.4&#8243; _dynamic_attributes=\u00bbbutton_url\u00bb _module_preset=\u00bbdefault\u00bb custom_button=\u00bbon\u00bb button_icon=\u00bb&#xf0e0;||fa||400&#8243; button_icon_placement=\u00bbleft\u00bb global_module=\u00bb6316&#8243; saved_tabs=\u00bball\u00bb global_colors_info=\u00bb{}\u00bb button_text_color__hover_enabled=\u00bbon|desktop\u00bb button_text_color__hover=\u00bb#FFFFFF\u00bb button_bg_color__hover_enabled=\u00bbon|desktop\u00bb button_bg_color__hover=\u00bb#00778A\u00bb button_bg_enable_color__hover=\u00bbon\u00bb theme_builder_area=\u00bbpost_content\u00bb][\/et_pb_button][et_pb_text _builder_version=\u00bb4.19.2&#8243; global_colors_info=\u00bb{}\u00bb theme_builder_area=\u00bbpost_content\u00bb]<\/p>\n<p> Queremos asumir un compromiso real con las personas del territorio, que les ayude a prosperar y crecer, as\u00ed como contribuir a la preservaci\u00f3n del medio ambiente y el entorno natural.<\/p>\n<p>El Plan Estrat\u00e9gico presentado en 2020 tiene como uno de los 7 ejes el Compromiso \u00c9tico a trav\u00e9s del cual queremos construir una escala de valores que nos acerque a nuestro entorno, que nos permita hacer crecer la empresa y la sociedad que le rodea.<\/p>\n<p>A trav\u00e9s del patrocinio de fuentes queremos profundizar en las acciones que nos permiten dar a conocer los valores que gu\u00edan a la compa\u00f1\u00eda:<\/p>\n<p>[\/et_pb_text][\/et_pb_column][et_pb_column type=\u00bb1_2&#8243; _builder_version=\u00bb4.16&#8243; global_colors_info=\u00bb{}\u00bb theme_builder_area=\u00bbpost_content\u00bb][et_pb_image src=\u00bbhttps:\/\/www.aiguesmanresa.cat\/wp-content\/uploads\/2022\/07\/image00109.jpeg\u00bb title_text=\u00bbimage00109&#8243; align=\u00bbcenter\u00bb _builder_version=\u00bb4.17.4&#8243; width=\u00bb80%\u00bb animation_style=\u00bbfade\u00bb box_shadow_style=\u00bbpreset4&#8243; box_shadow_color=\u00bb#42C0C6&#8243; global_colors_info=\u00bb{}\u00bb theme_builder_area=\u00bbpost_content\u00bb][\/et_pb_image][\/et_pb_column][\/et_pb_row][et_pb_row column_structure=\u00bb1_3,1_3,1_3&#8243; _builder_version=\u00bb4.17.4&#8243; _module_preset=\u00bbdefault\u00bb width=\u00bb95%\u00bb max_width=\u00bb1200px\u00bb global_colors_info=\u00bb{}\u00bb theme_builder_area=\u00bbpost_content\u00bb][et_pb_column type=\u00bb1_3&#8243; _builder_version=\u00bb4.17.4&#8243; _module_preset=\u00bbdefault\u00bb global_colors_info=\u00bb{}\u00bb theme_builder_area=\u00bbpost_content\u00bb][et_pb_blurb title=\u00bbCompromiso\u00bb use_icon=\u00bbon\u00bb font_icon=\u00bb&#xf4c1;||fa||900&#8243; icon_color=\u00bb#00778A\u00bb image_icon_width=\u00bb42px\u00bb _builder_version=\u00bb4.19.2&#8243; _module_preset=\u00bbdefault\u00bb header_font=\u00bb|700||on|||||\u00bb body_font_size=\u00bb0.9rem\u00bb text_orientation=\u00bbcenter\u00bb global_colors_info=\u00bb{}\u00bb theme_builder_area=\u00bbpost_content\u00bb]<\/p>\n<p>Trabajamos para satisfacer las demandas de nuestros usuarios y del territorio. Estamos comprometidos con la comunidad y con la gesti\u00f3n p\u00fablica del agua.<\/p>\n<p>[\/et_pb_blurb][\/et_pb_column][et_pb_column type=\u00bb1_3&#8243; _builder_version=\u00bb4.17.4&#8243; _module_preset=\u00bbdefault\u00bb global_colors_info=\u00bb{}\u00bb theme_builder_area=\u00bbpost_content\u00bb][et_pb_blurb title=\u00bbConfianza\u00bb use_icon=\u00bbon\u00bb font_icon=\u00bb&#xf4ce;||fa||900&#8243; icon_color=\u00bb#00778A\u00bb image_icon_width=\u00bb42px\u00bb _builder_version=\u00bb4.17.4&#8243; _module_preset=\u00bbdefault\u00bb header_font=\u00bb|700||on|||||\u00bb body_font_size=\u00bb0.9rem\u00bb text_orientation=\u00bbcenter\u00bb global_colors_info=\u00bb{}\u00bb theme_builder_area=\u00bbpost_content\u00bb]<\/p>\n<p>Queremos trabajar en confianza y proximidad, queremos que nuestros usuarios se sientan satisfechos y orgullosos de la empresa y entiendan que somos parte de ellos.<\/p>\n<p>[\/et_pb_blurb][\/et_pb_column][et_pb_column type=\u00bb1_3&#8243; _builder_version=\u00bb4.17.4&#8243; _module_preset=\u00bbdefault\u00bb global_colors_info=\u00bb{}\u00bb theme_builder_area=\u00bbpost_content\u00bb][et_pb_blurb title=\u00bbSostenibilidad\u00bb use_icon=\u00bbon\u00bb font_icon=\u00bb&#xf18c;||fa||400&#8243; icon_color=\u00bb#00778A\u00bb image_icon_width=\u00bb42px\u00bb _builder_version=\u00bb4.17.4&#8243; _module_preset=\u00bbdefault\u00bb header_font=\u00bb|700||on|||||\u00bb body_font_size=\u00bb0.9rem\u00bb text_orientation=\u00bbcenter\u00bb global_colors_info=\u00bb{}\u00bb theme_builder_area=\u00bbpost_content\u00bb]<\/p>\n<p>El agua es un elemento esencial que estamos obligados a preservar y al mismo tiempo cuidar el medio ambiente.<\/p>\n<p>[\/et_pb_blurb][\/et_pb_column][\/et_pb_row][et_pb_row module_id=\u00bbfonts-criteris-sollicitud\u00bb _builder_version=\u00bb4.17.4&#8243; width=\u00bb95%\u00bb max_width=\u00bb1200px\u00bb custom_margin=\u00bb0px||||false|false\u00bb custom_padding=\u00bb5rem||0.5rem||false|false\u00bb global_colors_info=\u00bb{}\u00bb theme_builder_area=\u00bbpost_content\u00bb][et_pb_column type=\u00bb4_4&#8243; _builder_version=\u00bb4.16&#8243; global_colors_info=\u00bb{}\u00bb theme_builder_area=\u00bbpost_content\u00bb][et_pb_text admin_label=\u00bbT\u00edtol secci\u00f3\u00bb _builder_version=\u00bb4.17.4&#8243; _module_preset=\u00bbfcb0796c-a4c0-4d50-a5cc-5830127e6564&#8243; border_style_all=\u00bbnone\u00bb border_style_top=\u00bbsolid\u00bb saved_tabs=\u00bball\u00bb global_colors_info=\u00bb{}\u00bb theme_builder_area=\u00bbpost_content\u00bb]<\/p>\n<h2><strong>Criterios<\/strong> de solicitud<\/h2>\n<p>[\/et_pb_text][\/et_pb_column][\/et_pb_row][et_pb_row column_structure=\u00bb2_3,1_3&#8243; _builder_version=\u00bb4.17.4&#8243; _module_preset=\u00bbdefault\u00bb width=\u00bb95%\u00bb max_width=\u00bb1200px\u00bb custom_padding=\u00bb0px|||||\u00bb hover_enabled=\u00bb0&#8243; global_colors_info=\u00bb{}\u00bb theme_builder_area=\u00bbpost_content\u00bb sticky_enabled=\u00bb0&#8243;][et_pb_column type=\u00bb2_3&#8243; _builder_version=\u00bb4.17.4&#8243; _module_preset=\u00bbdefault\u00bb global_colors_info=\u00bb{}\u00bb theme_builder_area=\u00bbpost_content\u00bb][et_pb_toggle title=\u00bb\u00bfQui\u00e9n puede solicitarlas?\u00bb _builder_version=\u00bb4.20.2&#8243; _module_preset=\u00bbdefault\u00bb hover_enabled=\u00bb0&#8243; global_colors_info=\u00bb{}\u00bb theme_builder_area=\u00bbpost_content\u00bb sticky_enabled=\u00bb0&#8243;]<\/p>\n<p>Ayuntamiento y entidades sin \u00e1nimo de lucro con el soporte expl\u00edcito de los ayuntamientos, del \u00e1mbito de servicio de Aig\u00fces de Manresa. Deben pertenecer y llevar a cabo el evento en alguno o algunos de los municipios donde Aig\u00fces de Manresa presta el servicio de abastecimiento.<\/p>\n<p>[\/et_pb_toggle][et_pb_toggle title=\u00bbObjecto del patrocinio\u00bb _builder_version=\u00bb4.19.2&#8243; _module_preset=\u00bbdefault\u00bb global_colors_info=\u00bb{}\u00bb theme_builder_area=\u00bbpost_content\u00bb]<\/p>\n<p>El material que se puede solicitar en pr\u00e9stamo son las fuentes de agua para eventos.<\/p>\n<p>Las fuentes consisten en unos grifos montados sobre una estructura de <em>cortan<\/em> con desag\u00fce para recoger la que no se utilice. Van clavadas en el suelo, siempre que sea posible, y al lado se coloca una <em>flagbanner<\/em> que indica su posici\u00f3n. Todas las fuentes llevar\u00e1n un contador de agua para conocer su consumo. <\/p>\n<p>Disponemos de diversas estructuras: fuentes de 2 surtidores, de 3, y de individuales, que se pueden combinar para cubrir las necesidades de cada acto.<\/p>\n<p>[\/et_pb_toggle][et_pb_toggle title=\u00bbCriterios de petici\u00f3n\u00bb _builder_version=\u00bb4.17.4&#8243; _module_preset=\u00bbdefault\u00bb global_colors_info=\u00bb{}\u00bb theme_builder_area=\u00bbpost_content\u00bb]<\/p>\n<p>Las peticiones deben ser coherentes con los valores de la empresa. Tienen prioridad las entidades o acciones que en su pol\u00edtica tengan tambi\u00e9n en cuenta la sostenibilidad, la cooperaci\u00f3n, el medio ambiente, la implicaci\u00f3n social y el desarrollo de h\u00e1bitos saludables.<\/p>\n<p>La solicitud debe realizarse con, al menos, <strong>3 semanas de antelaci\u00f3n<\/strong> ya trav\u00e9s del formulario expreso para ello.<\/p>\n<p>Los puntos donde se solicita el acceso de agua deben ser accesibles para cami\u00f3n y no pueden estar situados m\u00e1s all\u00e1 de 25 metros tanto del punto de suministro como del punto de desag\u00fce. Si no conoce el punto de agua m\u00e1s cercano, indique claramente (con coordenadas si es posible) el punto donde desear\u00eda la fuente.<\/p>\n<p>Estas fuentes ir\u00e1n fijadas al suelo siempre que sea posible. Los agujeros realizados para fijarlas se tapar\u00e1n el d\u00eda de su retirada.<\/p>\n<p>[\/et_pb_toggle][et_pb_toggle title=\u00bbAsignaci\u00f3n de patrocinios\u00bb _builder_version=\u00bb4.17.4&#8243; _module_preset=\u00bbdefault\u00bb global_colors_info=\u00bb{}\u00bb theme_builder_area=\u00bbpost_content\u00bb]<\/p>\n<p>Una vez se reciba la solicitud un comit\u00e9 formado por los jefes de departamento de gesti\u00f3n de clientes, explotaci\u00f3n de redes y comunicaci\u00f3n, decidir\u00e1 sobre si es posible llevarlo a cabo.<\/p>\n<p>Las propuestas se aceptar\u00e1n en funci\u00f3n de los criterios mencionados, las fuentes disponibles, el orden de llegada y el presupuesto asignado.<\/p>\n<p>Tendr\u00e1n preferencia las solicitudes donde no haya fuentes de agua de boca disponibles y que puedan cubrir la necesidad del evento.<\/p>\n<p>[\/et_pb_toggle][et_pb_toggle title=\u00bbContrapartidas\u00bb _builder_version=\u00bb4.17.4&#8243; _module_preset=\u00bbdefault\u00bb global_colors_info=\u00bb{}\u00bb theme_builder_area=\u00bbpost_content\u00bb]<\/p>\n<p>Las fuentes se acompa\u00f1an de banderolas que indican el punto de agua seg\u00fan disponibilidad. \u00c9stas deben devolverse en las mismas condiciones que se han prestado.<\/p>\n<p>[\/et_pb_toggle][et_pb_toggle title=\u00bbResponsabilidad de la organizaci\u00f3n del evento\u00bb _builder_version=\u00bb4.17.4&#8243; _module_preset=\u00bbdefault\u00bb global_colors_info=\u00bb{}\u00bb theme_builder_area=\u00bbpost_content\u00bb]<\/p>\n<p>Asumir, en su condici\u00f3n de solicitante, la responsabilidad civil derivada del uso del material cedido en pr\u00e9stamo.<\/p>\n<p>Cuidar el material cedido, as\u00ed como su reparaci\u00f3n, en caso de que se produzca un deterioro grave del mismo, asumiendo los gastos que se puedan derivar.<\/p>\n<p>Comunicar a Aig\u00fces de Manresa cualquier incidencia que se haya producido en el per\u00edodo de cesi\u00f3n del material de pr\u00e9stamo.<\/p>\n<p>Asumir el coste real o de reposici\u00f3n del material cedido, caso de que se produjera la p\u00e9rdida o robo del mismo durante el per\u00edodo de pr\u00e9stamo, previa comunicaci\u00f3n a Aig\u00fces de Manresa, que podr\u00e1 facilitarle los posibles proveedores en funci\u00f3n de las caracter\u00edsticas concretas del material de que se trate o proceder a la adquisici\u00f3n de nuevo material, repercutiendo su coste en el ente local.<\/p>\n<p>El patrocinio es gratuito. Sin embargo, en su caso, la entidad beneficiar\u00eda asume los gastos derivados de la reparaci\u00f3n o reposici\u00f3n del material robado, extraviado o gravemente da\u00f1ado.<\/p>\n<p>[\/et_pb_toggle][et_pb_toggle title=\u00bbOtros\u00bb _builder_version=\u00bb4.17.4&#8243; _module_preset=\u00bbdefault\u00bb global_colors_info=\u00bb{}\u00bb theme_builder_area=\u00bbpost_content\u00bb]<\/p>\n<p>Toda solicitud concedida podr\u00e1 ser cancelada cuando a criterio de Aig\u00fces de Manresa se produzcan circunstancias de necesidad que no hagan posible la instalaci\u00f3n. En esta situaci\u00f3n no habr\u00e1 derecho a indemnizaci\u00f3n alguna.<\/p>\n<p>[\/et_pb_toggle][\/et_pb_column][et_pb_column type=\u00bb1_3&#8243; _builder_version=\u00bb4.17.4&#8243; _module_preset=\u00bbdefault\u00bb global_colors_info=\u00bb{}\u00bb theme_builder_area=\u00bbpost_content\u00bb][et_pb_button button_url=\u00bb@ET-DC@eyJkeW5hbWljIjp0cnVlLCJjb250ZW50IjoicG9zdF9saW5rX3VybF9wYWdlIiwic2V0dGluZ3MiOnsicG9zdF9pZCI6IjYwNzAifX0=@\u00bb button_text=\u00bbFormulario de solicitud\u00bb button_alignment=\u00bbcenter\u00bb admin_label=\u00bbBTN Sollicitud fonts\u00bb _builder_version=\u00bb4.17.4&#8243; _dynamic_attributes=\u00bbbutton_url\u00bb _module_preset=\u00bbdefault\u00bb custom_button=\u00bbon\u00bb button_icon=\u00bb&#xf0e0;||fa||400&#8243; button_icon_placement=\u00bbleft\u00bb custom_margin=\u00bb1rem||1rem||true|false\u00bb sticky_position=\u00bbtop\u00bb sticky_offset_top=\u00bb35px\u00bb sticky_limit_bottom=\u00bbrow\u00bb motion_trigger_start=\u00bbtop\u00bb sticky_position_tablet=\u00bbnone\u00bb sticky_position_phone=\u00bbnone\u00bb sticky_position_last_edited=\u00bbon|desktop\u00bb global_colors_info=\u00bb{}\u00bb button_text_color__hover_enabled=\u00bbon|desktop\u00bb button_text_color__hover=\u00bb#FFFFFF\u00bb button_bg_color__hover_enabled=\u00bbon|desktop\u00bb button_bg_color__hover=\u00bb#00778A\u00bb button_bg_enable_color__hover=\u00bbon\u00bb theme_builder_area=\u00bbpost_content\u00bb][\/et_pb_button][\/et_pb_column][\/et_pb_row][\/et_pb_section]<\/p>\n","protected":false},"excerpt":{"rendered":"<p>A trav\u00e9s del patrocinio de fuentes queremos profundizar en las acciones que nos permiten dar a conocer los valores que gu\u00edan a la compa\u00f1\u00eda.<\/p>\n","protected":false},"author":1,"featured_media":6284,"parent":0,"menu_order":24,"comment_status":"closed","ping_status":"closed","template":"","meta":{"_et_pb_use_builder":"on","_et_pb_old_content":"","_et_gb_content_width":"","footnotes":""},"class_list":["post-7360","page","type-page","status-publish","has-post-thumbnail","hentry"],"_links":{"self":[{"href":"https:\/\/www.aiguesmanresa.cat\/es\/wp-json\/wp\/v2\/pages\/7360","targetHints":{"allow":["GET"]}}],"collection":[{"href":"https:\/\/www.aiguesmanresa.cat\/es\/wp-json\/wp\/v2\/pages"}],"about":[{"href":"https:\/\/www.aiguesmanresa.cat\/es\/wp-json\/wp\/v2\/types\/page"}],"author":[{"embeddable":true,"href":"https:\/\/www.aiguesmanresa.cat\/es\/wp-json\/wp\/v2\/users\/1"}],"replies":[{"embeddable":true,"href":"https:\/\/www.aiguesmanresa.cat\/es\/wp-json\/wp\/v2\/comments?post=7360"}],"version-history":[{"count":0,"href":"https:\/\/www.aiguesmanresa.cat\/es\/wp-json\/wp\/v2\/pages\/7360\/revisions"}],"wp:featuredmedia":[{"embeddable":true,"href":"https:\/\/www.aiguesmanresa.cat\/es\/wp-json\/wp\/v2\/media\/6284"}],"wp:attachment":[{"href":"https:\/\/www.aiguesmanresa.cat\/es\/wp-json\/wp\/v2\/media?parent=7360"}],"curies":[{"name":"wp","href":"https:\/\/api.w.org\/{rel}","templated":true}]}}