{"id":7106,"date":"2022-12-11T20:41:25","date_gmt":"2022-12-11T19:41:25","guid":{"rendered":"https:\/\/www.aiguesmanresa.cat\/asociacion-de-propietarios-plumistas\/"},"modified":"2022-12-11T20:41:26","modified_gmt":"2022-12-11T19:41:26","slug":"asociacion-de-propietarios-plumistas","status":"publish","type":"page","link":"https:\/\/www.aiguesmanresa.cat\/es\/asociacion-de-propietarios-plumistas\/","title":{"rendered":"Asociaci\u00f3n de propietarios plumistas"},"content":{"rendered":"<p>[et_pb_section fb_built=\u00bb1&#8243; _builder_version=\u00bb4.16&#8243; _module_preset=\u00bbdefault\u00bb global_colors_info=\u00bb{}\u00bb][et_pb_row _builder_version=\u00bb4.16&#8243; _module_preset=\u00bbdefault\u00bb global_colors_info=\u00bb{}\u00bb][et_pb_column type=\u00bb4_4&#8243; _builder_version=\u00bb4.16&#8243; _module_preset=\u00bbdefault\u00bb global_colors_info=\u00bb{}\u00bb][et_pb_text _builder_version=\u00bb4.16&#8243; _module_preset=\u00bbdefault\u00bb global_colors_info=\u00bb{}\u00bb]<\/p>\n<h1>Asociaci\u00f3n de Propietarios Plumistas d&#8217;Ag\u00fces de Manresa<\/h1>\n<p>[\/et_pb_text][\/et_pb_column][\/et_pb_row][et_pb_row column_structure=\u00bb1_2,1_2&#8243; _builder_version=\u00bb4.16&#8243; _module_preset=\u00bbdefault\u00bb global_colors_info=\u00bb{}\u00bb][et_pb_column type=\u00bb1_2&#8243; _builder_version=\u00bb4.16&#8243; _module_preset=\u00bbdefault\u00bb global_colors_info=\u00bb{}\u00bb][et_pb_text _builder_version=\u00bb4.16&#8243; _module_preset=\u00bbdefault\u00bb global_colors_info=\u00bb{}\u00bb]<\/p>\n<p>La Asociaci\u00f3n de propietarios Plumistas de les Ag\u00fces Potables de Manresa, es una asociaci\u00f3n sin \u00e1nimo de lucro, que tiene su origen en la transformaci\u00f3n de la forma de gesti\u00f3n del servicio de abastecimiento de agua potable en la ciudad de Manresa. Hasta 1981 se gestionaba en r\u00e9gimen de autorizaci\u00f3n municipal, mediante la Junta d&#8217;Aig\u00fces Potables de Manresa, ya partir de ese a\u00f1o, y una vez municipalizado el servicio, y creada la empresa municipal Ag\u00fces de Manresa, SA, en r\u00e9gimen de gesti\u00f3n directa.<\/p>\n<p>Esta asociaci\u00f3n se crea con el objetivo de defender los derechos e intereses de los propietarios plumistas dentro de la empresa municipal, de acuerdo con la Ley de Asociaciones de 1964, y disposiciones complementarias.<\/p>\n<p>[\/et_pb_text][\/et_pb_column][et_pb_column type=\u00bb1_2&#8243; _builder_version=\u00bb4.16&#8243; _module_preset=\u00bbdefault\u00bb global_colors_info=\u00bb{}\u00bb][et_pb_button button_url=\u00bbhttps:\/\/www.aiguesmanresa.cat\/wp-content\/uploads\/2020\/11\/estatuts_2.pdf\u00bb url_new_window=\u00bbon\u00bb button_text=\u00bbEstatutos\u00bb _builder_version=\u00bb4.16.1&#8243; _module_preset=\u00bb68a467c0-c650-45f0-87aa-247b4f1465d3&#8243; global_colors_info=\u00bb{}\u00bb][\/et_pb_button][et_pb_button button_url=\u00bbhttps:\/\/www.aiguesmanresa.cat\/wp-content\/uploads\/2020\/11\/ACTA_PLOMISTES.pdf\u00bb url_new_window=\u00bbon\u00bb button_text=\u00bbActa Asamblea\u00bb _builder_version=\u00bb4.16.1&#8243; _module_preset=\u00bb68a467c0-c650-45f0-87aa-247b4f1465d3&#8243; hover_enabled=\u00bb0&#8243; global_colors_info=\u00bb{}\u00bb sticky_enabled=\u00bb0&#8243;][\/et_pb_button][et_pb_button button_url=\u00bbhttps:\/\/www.aiguesmanresa.cat\/wp-content\/uploads\/2020\/11\/MEMORIA_PLOMISTES.pdf\u00bb url_new_window=\u00bbon\u00bb button_text=\u00bbMemoria\u00bb _builder_version=\u00bb4.16.1&#8243; _module_preset=\u00bb68a467c0-c650-45f0-87aa-247b4f1465d3&#8243; global_colors_info=\u00bb{}\u00bb][\/et_pb_button][et_pb_button button_url=\u00bbhttps:\/\/www.aiguesmanresa.cat\/wp-content\/uploads\/2020\/11\/ESTATCOMPTES_PLOMISTES.pdf\u00bb url_new_window=\u00bbon\u00bb button_text=\u00bbEstado de cuentas\u00bb _builder_version=\u00bb4.16.1&#8243; _module_preset=\u00bb68a467c0-c650-45f0-87aa-247b4f1465d3&#8243; global_colors_info=\u00bb{}\u00bb][\/et_pb_button][et_pb_button button_url=\u00bbhttps:\/\/www.aiguesmanresa.cat\/wp-content\/uploads\/2020\/11\/PRESSUPOST_PLOMISTES.pdf\u00bb url_new_window=\u00bbon\u00bb button_text=\u00bbPresupuesto\u00bb _builder_version=\u00bb4.16.1&#8243; _module_preset=\u00bb68a467c0-c650-45f0-87aa-247b4f1465d3&#8243; global_colors_info=\u00bb{}\u00bb][\/et_pb_button][et_pb_button button_url=\u00bbhttps:\/\/www.aiguesmanresa.cat\/wp-content\/uploads\/2020\/11\/JUNTA-DIRECTIVA-2022-002.pdf\u00bb url_new_window=\u00bbon\u00bb button_text=\u00bbJunta Directiva\u00bb _builder_version=\u00bb4.16.1&#8243; _module_preset=\u00bb68a467c0-c650-45f0-87aa-247b4f1465d3&#8243; global_colors_info=\u00bb{}\u00bb][\/et_pb_button][et_pb_button button_url=\u00bbhttps:\/\/www.aiguesmanresa.cat\/wp-content\/uploads\/2020\/11\/preguntes-mes-frequents.pdf\u00bb url_new_window=\u00bbon\u00bb button_text=\u00bbPreguntas frecuentes\u00bb _builder_version=\u00bb4.16.1&#8243; _module_preset=\u00bb68a467c0-c650-45f0-87aa-247b4f1465d3&#8243; global_colors_info=\u00bb{}\u00bb][\/et_pb_button][\/et_pb_column][\/et_pb_row][\/et_pb_section]<\/p>\n","protected":false},"excerpt":{"rendered":"<p>La Asociaci\u00f3n de propietarios plumistas de las Aguas Potables de Manresa, es una asociaci\u00f3n sin \u00e1nimo de lucro, que tiene su origen en la transformaci\u00f3n de la forma de gesti\u00f3n del servicio de abastecimiento de agua potable en la ciudad de Manresa.<\/p>\n","protected":false},"author":4,"featured_media":2818,"parent":0,"menu_order":48,"comment_status":"closed","ping_status":"closed","template":"","meta":{"_et_pb_use_builder":"on","_et_pb_old_content":"","_et_gb_content_width":"","footnotes":""},"class_list":["post-7106","page","type-page","status-publish","has-post-thumbnail","hentry"],"_links":{"self":[{"href":"https:\/\/www.aiguesmanresa.cat\/es\/wp-json\/wp\/v2\/pages\/7106","targetHints":{"allow":["GET"]}}],"collection":[{"href":"https:\/\/www.aiguesmanresa.cat\/es\/wp-json\/wp\/v2\/pages"}],"about":[{"href":"https:\/\/www.aiguesmanresa.cat\/es\/wp-json\/wp\/v2\/types\/page"}],"author":[{"embeddable":true,"href":"https:\/\/www.aiguesmanresa.cat\/es\/wp-json\/wp\/v2\/users\/4"}],"replies":[{"embeddable":true,"href":"https:\/\/www.aiguesmanresa.cat\/es\/wp-json\/wp\/v2\/comments?post=7106"}],"version-history":[{"count":0,"href":"https:\/\/www.aiguesmanresa.cat\/es\/wp-json\/wp\/v2\/pages\/7106\/revisions"}],"wp:featuredmedia":[{"embeddable":true,"href":"https:\/\/www.aiguesmanresa.cat\/es\/wp-json\/wp\/v2\/media\/2818"}],"wp:attachment":[{"href":"https:\/\/www.aiguesmanresa.cat\/es\/wp-json\/wp\/v2\/media?parent=7106"}],"curies":[{"name":"wp","href":"https:\/\/api.w.org\/{rel}","templated":true}]}}