{"id":6952,"date":"2022-12-09T13:00:31","date_gmt":"2022-12-09T12:00:31","guid":{"rendered":"https:\/\/www.aiguesmanresa.cat\/nosotros\/bolsa-de-trabajo\/"},"modified":"2026-04-02T07:51:07","modified_gmt":"2026-04-02T05:51:07","slug":"bolsa-de-trabajo","status":"publish","type":"page","link":"https:\/\/www.aiguesmanresa.cat\/es\/nosotros\/bolsa-de-trabajo\/","title":{"rendered":"Bolsa de trabajo"},"content":{"rendered":"<p>[et_pb_section fb_built=\u00bb1&#8243; admin_label=\u00bbSeccio Ofertes laborals actuals\u00bb module_id=\u00bbofertes-laborals-actuals\u00bb _builder_version=\u00bb4.16&#8243; custom_margin=\u00bb0px||0px||false|false\u00bb custom_padding=\u00bb50px||10px||false|false\u00bb global_colors_info=\u00bb{}\u00bb theme_builder_area=\u00bbpost_content\u00bb][et_pb_row _builder_version=\u00bb4.16&#8243; width=\u00bb95%\u00bb max_width=\u00bb1200px\u00bb module_alignment=\u00bbcenter\u00bb custom_margin=\u00bb0px||0px||false|false\u00bb custom_padding=\u00bb5px||0px||false|false\u00bb global_colors_info=\u00bb{}\u00bb theme_builder_area=\u00bbpost_content\u00bb][et_pb_column type=\u00bb4_4&#8243; _builder_version=\u00bb4.16&#8243; global_colors_info=\u00bb{}\u00bb theme_builder_area=\u00bbpost_content\u00bb][et_pb_text admin_label=\u00bbT\u00edtol secci\u00f3\u00bb _builder_version=\u00bb4.27.5&#8243; _module_preset=\u00bbe41cdfd2-6ccc-4e74-990c-c4a09204eda6&#8243; custom_margin=\u00bb30px||20px||false|false\u00bb global_module=\u00bb691&#8243; saved_tabs=\u00bball\u00bb global_colors_info=\u00bb{}\u00bb theme_builder_area=\u00bbpost_content\u00bb]<\/p>\n<h1>Ofertas laborales<\/h1>\n<p>[\/et_pb_text][\/et_pb_column][\/et_pb_row][et_pb_row column_structure=\u00bb1_2,1_2&#8243; _builder_version=\u00bb4.16&#8243; width=\u00bb95%\u00bb max_width=\u00bb1200px\u00bb module_alignment=\u00bbcenter\u00bb custom_margin=\u00bb0px||||false|false\u00bb custom_padding=\u00bb0px||||false|false\u00bb global_colors_info=\u00bb{}\u00bb theme_builder_area=\u00bbpost_content\u00bb][et_pb_column type=\u00bb1_2&#8243; _builder_version=\u00bb4.16&#8243; global_colors_info=\u00bb{}\u00bb theme_builder_area=\u00bbpost_content\u00bb][et_pb_toggle title=\u00bbADJUNTO\/A A LA DIRECCI\u00d3N DEPORTIVA DE LA INSTALACI\u00d3N DEPORTIVA &#8211; REFERENCIA 072026&#8243; disabled_on=\u00bboff|off|off\u00bb admin_label=\u00bbToggle\u00bb _builder_version=\u00bb4.27.5&#8243; global_colors_info=\u00bb{}\u00bb theme_builder_area=\u00bbpost_content\u00bb]<\/p>\n<p data-start=\"42\" data-end=\"417\">Las Piscinas Municipales Manel Estiarte Duocastella somos un equipamiento p\u00fablico de referencia en el Bages. Contamos con tres grandes piscinas, zona wellness, un gimnasio de m\u00e1s de 470 m\u00b2 y una comunidad de m\u00e1s de 4.000 personas abonadas. Ofrecemos programas de entrenamiento personalizados, actividades dirigidas, clases de aprendizaje de la nataci\u00f3n y apoyo personalizado.<\/p>\n<p><\/p>\n<p data-start=\"419\" data-end=\"730\">Buscamos ofrecer un servicio de calidad, procurando que las personas abonadas encuentren en nuestra instalaci\u00f3n buenos servicios y, sobre todo, un gran equipo humano que las acompa\u00f1e, las asesore, las forme y las dirija, con el objetivo de mejorar su condici\u00f3n f\u00edsica y disfrutar de un estilo de vida saludable.<\/p>\n<p><\/p>\n<p data-start=\"732\" data-end=\"1013\">En esta ocasi\u00f3n buscamos a una persona que pueda dar apoyo a la actual Direcci\u00f3n Deportiva para garantizar la calidad del servicio en todas las \u00e1reas deportivas, coordinando el equipo de coordinaci\u00f3n para alcanzar la excelencia operativa y la satisfacci\u00f3n de las personas usuarias.<\/p>\n<p><\/p>\n<h2 data-section-id=\"1yg97k0\" data-start=\"1015\" data-end=\"1049\">FUNCIONES DEL PUESTO DE TRABAJO<\/h2>\n<p><\/p>\n<p data-start=\"1051\" data-end=\"1080\">Sus funciones consistir\u00e1n en:<\/p>\n<p><\/p>\n<h3 data-section-id=\"piyam8\" data-start=\"1082\" data-end=\"1130\">1. Apoyo y supervisi\u00f3n de las coordinaciones<\/h3>\n<p><\/p>\n<p data-start=\"1132\" data-end=\"1236\">La persona adjunta dar\u00e1 apoyo directo a la Direcci\u00f3n en el seguimiento de las coordinaciones del centro.<\/p>\n<p><\/p>\n<p data-start=\"1238\" data-end=\"1281\">En relaci\u00f3n con las coordinaciones, deber\u00e1:<\/p>\n<p><\/p>\n<ul data-start=\"1283\" data-end=\"1856\">\n<li data-section-id=\"m2qyj4\" data-start=\"1283\" data-end=\"1392\">Realizar el seguimiento de la asignaci\u00f3n de tareas, planificaci\u00f3n de actividades y horarios del personal.<\/li>\n<li data-section-id=\"5fpbum\" data-start=\"1393\" data-end=\"1474\">Supervisar la correcta cobertura de sustituciones y necesidades del servicio.<\/li>\n<li data-section-id=\"1k11qix\" data-start=\"1475\" data-end=\"1539\">Revisar peri\u00f3dicamente el funcionamiento de las actividades.<\/li>\n<li data-section-id=\"148cruh\" data-start=\"1540\" data-end=\"1623\">Analizar propuestas de nuevas actividades antes de su validaci\u00f3n por Direcci\u00f3n.<\/li>\n<li data-section-id=\"mgi25y\" data-start=\"1624\" data-end=\"1717\">Velar por que la planificaci\u00f3n de actividades est\u00e9 alineada con los objetivos del centro.<\/li>\n<li data-section-id=\"1oe82u1\" data-start=\"1718\" data-end=\"1856\">En relaci\u00f3n con el equipo de recepci\u00f3n, gestionar posibles ausencias, planificaci\u00f3n de vacaciones y distribuci\u00f3n de tareas del personal.<\/li>\n<\/ul>\n<p><\/p>\n<h3 data-section-id=\"1qex7ak\" data-start=\"1858\" data-end=\"1904\">2. Seguimiento operativo y mejora continua<\/h3>\n<p><\/p>\n<ul data-start=\"1906\" data-end=\"2195\">\n<li data-section-id=\"1yo3l04\" data-start=\"1906\" data-end=\"1957\">Analizar el funcionamiento global de cada \u00e1rea.<\/li>\n<li data-section-id=\"lqij4i\" data-start=\"1958\" data-end=\"2025\">Detectar incidencias recurrentes y proponer acciones de mejora.<\/li>\n<li data-section-id=\"m4i81\" data-start=\"2026\" data-end=\"2103\">Impulsar medidas de mejora continua conjuntamente con las coordinaciones.<\/li>\n<li data-section-id=\"oxeewl\" data-start=\"2104\" data-end=\"2195\">Realizar el seguimiento de indicadores b\u00e1sicos de ocupaci\u00f3n, participaci\u00f3n y rendimiento.<\/li>\n<\/ul>\n<p><\/p>\n<h3 data-section-id=\"r1b5qd\" data-start=\"2197\" data-end=\"2239\">3. Recursos y necesidades de las \u00e1reas<\/h3>\n<p><\/p>\n<ul data-start=\"2241\" data-end=\"2587\">\n<li data-section-id=\"1wq1qju\" data-start=\"2241\" data-end=\"2338\">Supervisar la previsi\u00f3n de material necesario para el correcto desarrollo de las actividades.<\/li>\n<li data-section-id=\"r5s8a6\" data-start=\"2339\" data-end=\"2434\">Validar necesidades de reposici\u00f3n o nuevas adquisiciones antes de trasladarlas a Direcci\u00f3n.<\/li>\n<li data-section-id=\"1bom0md\" data-start=\"2435\" data-end=\"2517\">Detectar necesidades formativas del personal y proponer acciones de formaci\u00f3n.<\/li>\n<li data-section-id=\"axegqp\" data-start=\"2518\" data-end=\"2587\">Hacer seguimiento del cumplimiento de las formaciones planificadas.<\/li>\n<\/ul>\n<p><\/p>\n<h3 data-section-id=\"1fbdyza\" data-start=\"2589\" data-end=\"2623\">4. Oferta deportiva y servicio<\/h3>\n<p><\/p>\n<ul data-start=\"2625\" data-end=\"3070\">\n<li data-section-id=\"7ld848\" data-start=\"2625\" data-end=\"2689\">Colaborar en la promoci\u00f3n de la oferta deportiva del centro.<\/li>\n<li data-section-id=\"1vsw49k\" data-start=\"2690\" data-end=\"2790\">Velar por que la ejecuci\u00f3n de las actividades responda a los est\u00e1ndares de calidad establecidos.<\/li>\n<li data-section-id=\"1adiy4h\" data-start=\"2791\" data-end=\"2884\">Garantizar, junto con las coordinaciones, el correcto funcionamiento del servicio diario.<\/li>\n<li data-section-id=\"rx85d1\" data-start=\"2885\" data-end=\"2940\">Dar apoyo en la organizaci\u00f3n de eventos deportivos.<\/li>\n<li data-section-id=\"ehzdap\" data-start=\"2941\" data-end=\"3070\">Coordinaci\u00f3n de los equipos de las piscinas de verano, as\u00ed como la coordinaci\u00f3n con las entidades contratantes (ayuntamientos).<\/li>\n<\/ul>\n<p><\/p>\n<p data-start=\"3077\" data-end=\"3225\" data-is-last-node=\"\" data-is-only-node=\"\">Consulta la oferta completa en este enlace:<br data-start=\"3120\" data-end=\"3123\" \/><a class=\"decorated-link\" href=\"https:\/\/www.aiguesmanresa.cat\/wp-content\/uploads\/2026\/03\/072026-Oferta-adjunt_a-Direccio-esportiva.pdf\" target=\"_new\" rel=\"noopener\" data-start=\"3123\" data-end=\"3225\" data-is-last-node=\"\">https:\/\/www.aiguesmanresa.cat\/wp-content\/uploads\/2026\/03\/072026-Oferta-adjunt_a-Direccio-esportiva.pdf<\/a><\/p>\n<p>[\/et_pb_toggle][et_pb_toggle title=\u00bbPERSONAL DE SALVAMENTO Y SOCORRISMO POR LA TEMPORADA DE VERANO 2026 \u2013 REFERENCIA 082026&#8243; disabled_on=\u00bboff|off|off\u00bb admin_label=\u00bbToggle\u00bb _builder_version=\u00bb4.27.5&#8243; hover_enabled=\u00bb0&#8243; global_colors_info=\u00bb{}\u00bb theme_builder_area=\u00bbpost_content\u00bb sticky_enabled=\u00bb0&#8243;]<\/p>\n<p>Las Piscinas Municipales Manel Estiarte Duocastella somos un equipamiento p\u00fablico de referencia del Bages. Contamos con tres grandes piscinas, zona wellness, un gimnasio, de m\u00e1s de 470 m2, y con una comunidad de m\u00e1s de 4.000 personas abonadas.Ofrecemos programas de entrenamiento personalizados, actividades dirigidas, clases de aprendizaje de la nataci\u00f3n y soporte personalizados.<\/p>\n<p><\/p>\n<p>Buscamos dar un servicio de calidad, procurando que las personas abonadas encuentren en nuestra instalaci\u00f3n buenos servicios, y sobre todo un gran equipo humano que le acompa\u00f1e, le aconseje, lo forme y lo dirija, para mejorar con su condici\u00f3n f\u00edsica y disfrutar de un estilo de vida saludable.<\/p>\n<p><\/p>\n<p>Para la gesti\u00f3n de diferentes piscinas de verano en Manresa y, en la comarca del Bages necesitamos incorporar personal de salvamento y socorrismo a jornada completa. Los horarios son de lunes a domingo con dos d\u00edas semanales de descanso.<\/p>\n<p><\/p>\n<p>FUNCIONES DEL PUESTO DE TRABAJO<\/p>\n<p><\/p>\n<p>Sus funciones consistir\u00e1n en:<\/p>\n<p><\/p>\n<ul>\n<li>Vigilancia de los y las ba\u00f1istas<\/li>\n<li>Control del cumplimiento de la normativa de la instalaci\u00f3n<\/li>\n<li>Adaptaci\u00f3n de las condiciones de seguridad de los distintos ba\u00f1istas<\/li>\n<li>Realizaci\u00f3n de tareas de salvamento en situaci\u00f3n de riesgo y aplicaci\u00f3n de los primeros auxilios.<\/li>\n<li>Control par\u00e1metros piscinas<\/li>\n<\/ul>\n<p><\/p>\n<p>Consulta la oferta completa en este enlace: <a href=\"https:\/\/www.aiguesmanresa.cat\/wp-content\/uploads\/2026\/04\/082026-Personal-salvament-i-socorrisme-estiu-2026100.pdf\" rel=\"attachment wp-att-14159\">082026 Personal salvament i socorrisme estiu 2026<\/a><\/p>\n<p>[\/et_pb_toggle][et_pb_toggle title=\u00bbT\u00c9CNICO\/A DE SALVAMENTO Y SOCORRISMO &#8211; referencia 262025&#8243; disabled_on=\u00bbon|on|on\u00bb admin_label=\u00bbToggle\u00bb _builder_version=\u00bb4.27.4&#8243; disabled=\u00bbon\u00bb global_colors_info=\u00bb{}\u00bb theme_builder_area=\u00bbpost_content\u00bb]<\/p>\n<p>Buscamos especialistas en salvamento y socorrismo para apoyar al equipo estable. La contrataci\u00f3n ser\u00e1 a tiempo parcial, unas 30 horas semanales sobre una jornada de 37,5 horas. El horario ser\u00e1 entre ma\u00f1anas y tardes y, combinando fines de semana.<\/p>\n<p><\/p>\n<p>FUNCIONES DEL PUESTO DE TRABAJO<\/p>\n<p><\/p>\n<p>Sus funciones consistir\u00e1n en:<\/p>\n<p><\/p>\n<ul>\n<li>Vigilancia y prevenci\u00f3n de los y las ba\u00f1istas.<\/li>\n<li>Control del cumplimiento de la normativa de instalaci\u00f3n.<\/li>\n<li>Adaptaci\u00f3n de las condiciones de seguridad de los distintos ba\u00f1istas.<\/li>\n<li>Realizaci\u00f3n de tareas de salvamento en situaci\u00f3n de riesgo y aplicaci\u00f3n de los primeros auxilios.<\/li>\n<\/ul>\n<p><\/p>\n<p>Consulta la oferta completa en este enlace: <a href=\"https:\/\/www.aiguesmanresa.cat\/wp-content\/uploads\/2025\/11\/262025_oferta-personal-salvament-i-socorrisme.pdf\" rel=\"attachment wp-att-13764\">262025_oferta personal salvament i socorrisme<\/a><\/p>\n<p>[\/et_pb_toggle][\/et_pb_column][et_pb_column type=\u00bb1_2&#8243; _builder_version=\u00bb4.16&#8243; global_colors_info=\u00bb{}\u00bb theme_builder_area=\u00bbpost_content\u00bb][et_pb_image src=\u00bbhttps:\/\/www.aiguesmanresa.cat\/wp-content\/uploads\/2021\/04\/AIGUES-DE-MANRESA-10-scaled.jpg\u00bb title_text=\u00bbAIGUES DE MANRESA-10&#8243; _builder_version=\u00bb4.16&#8243; global_colors_info=\u00bb{}\u00bb theme_builder_area=\u00bbpost_content\u00bb][\/et_pb_image][\/et_pb_column][\/et_pb_row][\/et_pb_section][et_pb_section fb_built=\u00bb1&#8243; admin_label=\u00bbSecci\u00f3 Treballa amb nosaltres\u00bb module_id=\u00bbtreballa-amb-nosaltres\u00bb _builder_version=\u00bb4.16&#8243; custom_margin=\u00bb0px||0px||false|false\u00bb custom_padding=\u00bb70px||10px||false|false\u00bb global_colors_info=\u00bb{}\u00bb theme_builder_area=\u00bbpost_content\u00bb][et_pb_row _builder_version=\u00bb4.16&#8243; width=\u00bb95%\u00bb max_width=\u00bb1200px\u00bb module_alignment=\u00bbcenter\u00bb custom_margin=\u00bb0px||||false|false\u00bb custom_padding=\u00bb0px||0px||false|false\u00bb global_colors_info=\u00bb{}\u00bb theme_builder_area=\u00bbpost_content\u00bb][et_pb_column type=\u00bb4_4&#8243; _builder_version=\u00bb4.16&#8243; global_colors_info=\u00bb{}\u00bb theme_builder_area=\u00bbpost_content\u00bb][et_pb_text admin_label=\u00bbSubtitol\u00bb _builder_version=\u00bb4.6.1&#8243; _module_preset=\u00bbfcb0796c-a4c0-4d50-a5cc-5830127e6564&#8243; global_module=\u00bb802&#8243; saved_tabs=\u00bball\u00bb global_colors_info=\u00bb{}\u00bb theme_builder_area=\u00bbpost_content\u00bb]<\/p>\n<h1>Trabaja con nosotros<\/h1>\n<p>[\/et_pb_text][\/et_pb_column][\/et_pb_row][et_pb_row column_structure=\u00bb1_2,1_2&#8243; _builder_version=\u00bb4.16&#8243; width=\u00bb95%\u00bb max_width=\u00bb1200px\u00bb module_alignment=\u00bbcenter\u00bb custom_margin=\u00bb0px||||false|false\u00bb custom_padding=\u00bb0px||||false|false\u00bb global_colors_info=\u00bb{}\u00bb theme_builder_area=\u00bbpost_content\u00bb][et_pb_column type=\u00bb1_2&#8243; _builder_version=\u00bb4.16&#8243; global_colors_info=\u00bb{}\u00bb theme_builder_area=\u00bbpost_content\u00bb][et_pb_text admin_label=\u00bbText\u00bb _builder_version=\u00bb4.17.4&#8243; _module_preset=\u00bbdefault\u00bb custom_margin=\u00bb35px||||false|false\u00bb global_colors_info=\u00bb{}\u00bb theme_builder_area=\u00bbpost_content\u00bb]<\/p>\n<p><strong>\u00bfQuieres trabajar con nosotros? <\/strong>Si no hay ninguna oferta de trabajo actualmente que encaje con tu perfil, puedes presentar una auto candidatura a trav\u00e9s de este formulario.<\/p>\n<p>[\/et_pb_text][\/et_pb_column][et_pb_column type=\u00bb1_2&#8243; _builder_version=\u00bb4.16&#8243; global_colors_info=\u00bb{}\u00bb theme_builder_area=\u00bbpost_content\u00bb][et_pb_text admin_label=\u00bbFormulari Borsa Treball\u00bb module_id=\u00bbformulari-cf7-borsa-treball\u00bb _builder_version=\u00bb4.16&#8243; _module_preset=\u00bbdefault\u00bb global_colors_info=\u00bb{}\u00bb theme_builder_area=\u00bbpost_content\u00bb]<\/p>\n\n<div class=\"wpcf7 no-js\" id=\"wpcf7-f7301-o1\" lang=\"es-ES\" dir=\"ltr\" data-wpcf7-id=\"7301\">\n<div class=\"screen-reader-response\"><p role=\"status\" aria-live=\"polite\" aria-atomic=\"true\"><\/p> <ul><\/ul><\/div>\n<form action=\"\/es\/wp-json\/wp\/v2\/pages\/6952#wpcf7-f7301-o1\" method=\"post\" class=\"wpcf7-form init wpcf7-acceptance-as-validation\" aria-label=\"Formulario de contacto\" enctype=\"multipart\/form-data\" novalidate=\"novalidate\" data-status=\"init\">\n<fieldset class=\"hidden-fields-container\"><input type=\"hidden\" name=\"_wpcf7\" value=\"7301\" \/><input type=\"hidden\" name=\"_wpcf7_version\" value=\"6.1.5\" \/><input type=\"hidden\" name=\"_wpcf7_locale\" value=\"es_ES\" \/><input type=\"hidden\" name=\"_wpcf7_unit_tag\" value=\"wpcf7-f7301-o1\" \/><input type=\"hidden\" name=\"_wpcf7_container_post\" value=\"0\" \/><input type=\"hidden\" name=\"_wpcf7_posted_data_hash\" value=\"\" \/><input type=\"hidden\" name=\"_wpcf7cf_hidden_group_fields\" value=\"[]\" \/><input type=\"hidden\" name=\"_wpcf7cf_hidden_groups\" value=\"[]\" \/><input type=\"hidden\" name=\"_wpcf7cf_visible_groups\" value=\"[]\" \/><input type=\"hidden\" name=\"_wpcf7cf_repeaters\" value=\"[]\" \/><input type=\"hidden\" name=\"_wpcf7cf_steps\" value=\"{}\" \/><input type=\"hidden\" name=\"_wpcf7cf_options\" value=\"{&quot;form_id&quot;:7301,&quot;conditions&quot;:[],&quot;settings&quot;:{&quot;animation&quot;:&quot;yes&quot;,&quot;animation_intime&quot;:200,&quot;animation_outtime&quot;:200,&quot;conditions_ui&quot;:&quot;normal&quot;,&quot;notice_dismissed&quot;:true,&quot;notice_dismissed_rollback-cf7-5.4&quot;:true,&quot;notice_dismissed_rollback-cf7-5.6.4&quot;:true,&quot;notice_dismissed_update-cf7-5.6.4&quot;:true,&quot;notice_dismissed_rollback-cf7-5.8.1&quot;:true,&quot;notice_dismissed_rollback-cf7-5.9.5&quot;:true,&quot;notice_dismissed_rollback-cf7-6.0.2&quot;:true}}\" \/><input type=\"hidden\" name=\"_wpcf7_recaptcha_response\" value=\"\" \/>\n<\/fieldset>\n<div class=\"form-input\">\n\t<p><label>Nombre y apellidos<\/label><span class=\"wpcf7-form-control-wrap\" data-name=\"Nom-Cognoms\"><input size=\"40\" maxlength=\"400\" class=\"wpcf7-form-control wpcf7-text wpcf7-validates-as-required\" aria-required=\"true\" aria-invalid=\"false\" value=\"\" type=\"text\" name=\"Nom-Cognoms\" \/><\/span>\n\t<\/p>\n<\/div>\n<div class=\"form-input\">\n\t<p><label>Tel\u00e9fono de contacto<\/label><span class=\"wpcf7-form-control-wrap\" data-name=\"Telefon\"><input size=\"40\" maxlength=\"400\" class=\"wpcf7-form-control wpcf7-tel wpcf7-validates-as-required wpcf7-text wpcf7-validates-as-tel\" aria-required=\"true\" aria-invalid=\"false\" value=\"\" type=\"tel\" name=\"Telefon\" \/><\/span>\n\t<\/p>\n<\/div>\n<div class=\"form-input\">\n\t<p><label>Correo electr\u00f3nico<\/label><span class=\"wpcf7-form-control-wrap\" data-name=\"Email-notificacions\"><input size=\"40\" maxlength=\"400\" class=\"wpcf7-form-control wpcf7-email wpcf7-validates-as-required wpcf7-text wpcf7-validates-as-email\" aria-required=\"true\" aria-invalid=\"false\" value=\"\" type=\"email\" name=\"Email-notificacions\" \/><\/span>\n\t<\/p>\n<\/div>\n<div class=\"form-subtitol\">\n\t<p>Documentaci\u00f3n a adjuntar\n\t<\/p>\n<\/div>\n<div class=\"form-input\">\n\t<p><label>Curr\u00edculum<\/label><span class=\"wpcf7-form-control-wrap\" data-name=\"Curriculum\"><input size=\"40\" class=\"wpcf7-form-control wpcf7-file\" accept=\".jpg,.jpeg,.png,.pdf\" aria-invalid=\"false\" type=\"file\" name=\"Curriculum\" \/><\/span>\n\t<\/p>\n<\/div>\n<div class=\"form-subtitol\">\n\t<p>Ley de protecci\u00f3n de datos\n\t<\/p>\n<\/div>\n<div class=\"form-input form-input-llei-dades\">\n\t<p><span class=\"wpcf7-form-control-wrap\" data-name=\"llei-dades\"><span class=\"wpcf7-form-control wpcf7-acceptance\"><span class=\"wpcf7-list-item\"><label><input type=\"checkbox\" name=\"llei-dades\" value=\"1\" aria-invalid=\"false\" \/><span class=\"wpcf7-list-item-label\">He le\u00eddo y acepto las condiciones de uso<\/span><\/label><\/span><\/span><\/span><small>Ver <a href=\"https:\/\/www.aiguesmanresa.cat\/es\/aviso-legal\/politica-de-privacidad\/\" target=\"_blank\">pol\u00edtica de privacidad<\/a><\/small>\n\t<\/p>\n<\/div>\n<div class=\"form-input btn-enviar\">\n\t<p><input class=\"wpcf7-form-control wpcf7-submit has-spinner\" type=\"submit\" value=\"Tramitar\" \/>\n\t<\/p>\n<\/div><div class=\"wpcf7-response-output\" aria-hidden=\"true\"><\/div>\n<\/form>\n<\/div>\n\n<p>[\/et_pb_text][\/et_pb_column][\/et_pb_row][\/et_pb_section]<\/p>\n","protected":false},"excerpt":{"rendered":"<p>\u00bfQuieres trabajar con nosotros? Si no hay ninguna oferta de trabajo actualmente que encaje con tu perfil, puedes presentar una auto candidatura a trav\u00e9s de este formulario.<\/p>\n","protected":false},"author":1,"featured_media":4630,"parent":6927,"menu_order":26,"comment_status":"closed","ping_status":"closed","template":"","meta":{"_et_pb_use_builder":"on","_et_pb_old_content":"","_et_gb_content_width":"","footnotes":""},"class_list":["post-6952","page","type-page","status-publish","has-post-thumbnail","hentry"],"_links":{"self":[{"href":"https:\/\/www.aiguesmanresa.cat\/es\/wp-json\/wp\/v2\/pages\/6952","targetHints":{"allow":["GET"]}}],"collection":[{"href":"https:\/\/www.aiguesmanresa.cat\/es\/wp-json\/wp\/v2\/pages"}],"about":[{"href":"https:\/\/www.aiguesmanresa.cat\/es\/wp-json\/wp\/v2\/types\/page"}],"author":[{"embeddable":true,"href":"https:\/\/www.aiguesmanresa.cat\/es\/wp-json\/wp\/v2\/users\/1"}],"replies":[{"embeddable":true,"href":"https:\/\/www.aiguesmanresa.cat\/es\/wp-json\/wp\/v2\/comments?post=6952"}],"version-history":[{"count":23,"href":"https:\/\/www.aiguesmanresa.cat\/es\/wp-json\/wp\/v2\/pages\/6952\/revisions"}],"predecessor-version":[{"id":14162,"href":"https:\/\/www.aiguesmanresa.cat\/es\/wp-json\/wp\/v2\/pages\/6952\/revisions\/14162"}],"up":[{"embeddable":true,"href":"https:\/\/www.aiguesmanresa.cat\/es\/wp-json\/wp\/v2\/pages\/6927"}],"wp:featuredmedia":[{"embeddable":true,"href":"https:\/\/www.aiguesmanresa.cat\/es\/wp-json\/wp\/v2\/media\/4630"}],"wp:attachment":[{"href":"https:\/\/www.aiguesmanresa.cat\/es\/wp-json\/wp\/v2\/media?parent=6952"}],"curies":[{"name":"wp","href":"https:\/\/api.w.org\/{rel}","templated":true}]}}