{"id":6921,"date":"2022-12-07T13:36:44","date_gmt":"2022-12-07T12:36:44","guid":{"rendered":"https:\/\/www.aiguesmanresa.cat\/avisanos-si-ves-una-fuga\/"},"modified":"2022-12-07T13:36:46","modified_gmt":"2022-12-07T12:36:46","slug":"avisanos-si-ves-una-fuga","status":"publish","type":"page","link":"https:\/\/www.aiguesmanresa.cat\/es\/avisanos-si-ves-una-fuga\/","title":{"rendered":"Av\u00edsanos si ves una fuga"},"content":{"rendered":"<p>[et_pb_section fb_built=\u00bb1&#8243; _builder_version=\u00bb4.4.3&#8243;][et_pb_row column_structure=\u00bb1_3,2_3&#8243; _builder_version=\u00bb4.4.3&#8243;][et_pb_column type=\u00bb1_3&#8243; _builder_version=\u00bb4.4.3&#8243;][et_pb_text admin_label=\u00bbT\u00edtol secci\u00f3\u00bb _builder_version=\u00bb4.7.1&#8243; custom_margin=\u00bb30px||20px||false|false\u00bb custom_padding=\u00bb10px||0px||false|false\u00bb border_width_top=\u00bb2px\u00bb border_color_top=\u00bb#42c0c6&#8243; border_color_bottom=\u00bb#42c0c6&#8243; saved_tabs=\u00bball\u00bb]<\/p>\n<h1>Av\u00edsanos si ves una fuga<\/h1>\n<p>[\/et_pb_text][et_pb_text _builder_version=\u00bb4.7.1&#8243; text_line_height=\u00bb1.4em\u00bb custom_margin=\u00bb||5px||false|false\u00bb]Si ves una fuga en la calle, no dudes y env\u00edanos un aviso a trav\u00e9s de este formulario.<br \/>\n[\/et_pb_text][et_pb_divider divider_style=\u00bbdotted\u00bb divider_position=\u00bbcenter\u00bb divider_weight=\u00bb2px\u00bb _builder_version=\u00bb4.4.3&#8243; custom_margin=\u00bb10px||20px||false|false\u00bb custom_padding=\u00bb0px||0px||false|false\u00bb][\/et_pb_divider][\/et_pb_column][et_pb_column type=\u00bb2_3&#8243; _builder_version=\u00bb4.4.3&#8243;][et_pb_text module_id=\u00bbformulari-cf7-fuites\u00bb _builder_version=\u00bb4.7.1&#8243; _module_preset=\u00bbdefault\u00bb custom_margin=\u00bb0px||||false|false\u00bb custom_padding=\u00bb0px||||false|false\u00bb]\n<div class=\"wpcf7 no-js\" id=\"wpcf7-f7300-o1\" lang=\"es-ES\" dir=\"ltr\" data-wpcf7-id=\"7300\">\n<div class=\"screen-reader-response\"><p role=\"status\" aria-live=\"polite\" aria-atomic=\"true\"><\/p> <ul><\/ul><\/div>\n<form action=\"\/es\/wp-json\/wp\/v2\/pages\/6921#wpcf7-f7300-o1\" method=\"post\" class=\"wpcf7-form init wpcf7-acceptance-as-validation\" aria-label=\"Formulario de contacto\" enctype=\"multipart\/form-data\" novalidate=\"novalidate\" data-status=\"init\">\n<fieldset class=\"hidden-fields-container\"><input type=\"hidden\" name=\"_wpcf7\" value=\"7300\" \/><input type=\"hidden\" name=\"_wpcf7_version\" value=\"6.1.5\" \/><input type=\"hidden\" name=\"_wpcf7_locale\" value=\"es_ES\" \/><input type=\"hidden\" name=\"_wpcf7_unit_tag\" value=\"wpcf7-f7300-o1\" \/><input type=\"hidden\" name=\"_wpcf7_container_post\" value=\"0\" \/><input type=\"hidden\" name=\"_wpcf7_posted_data_hash\" value=\"\" \/><input type=\"hidden\" name=\"_wpcf7cf_hidden_group_fields\" value=\"[]\" \/><input type=\"hidden\" name=\"_wpcf7cf_hidden_groups\" value=\"[]\" \/><input type=\"hidden\" name=\"_wpcf7cf_visible_groups\" value=\"[]\" \/><input type=\"hidden\" name=\"_wpcf7cf_repeaters\" value=\"[]\" \/><input type=\"hidden\" name=\"_wpcf7cf_steps\" value=\"{}\" \/><input type=\"hidden\" name=\"_wpcf7cf_options\" value=\"{&quot;form_id&quot;:7300,&quot;conditions&quot;:[{&quot;then_field&quot;:&quot;Fuita-explotat&quot;,&quot;and_rules&quot;:[{&quot;if_field&quot;:&quot;Fuita-descripcio&quot;,&quot;operator&quot;:&quot;equals&quot;,&quot;if_value&quot;:&quot;Ha explotat&quot;}]},{&quot;then_field&quot;:&quot;Fuita-explotat&quot;,&quot;and_rules&quot;:[{&quot;if_field&quot;:&quot;Fuita-descripcio&quot;,&quot;operator&quot;:&quot;equals&quot;,&quot;if_value&quot;:&quot;Ha explotado&quot;}]},{&quot;then_field&quot;:&quot;Fuita-exterior&quot;,&quot;and_rules&quot;:[{&quot;if_field&quot;:&quot;Fuita-ubicacio&quot;,&quot;operator&quot;:&quot;equals&quot;,&quot;if_value&quot;:&quot;A l&#039;exterior&quot;}]},{&quot;then_field&quot;:&quot;Fuita-exterior&quot;,&quot;and_rules&quot;:[{&quot;if_field&quot;:&quot;Fuita-ubicacio&quot;,&quot;operator&quot;:&quot;equals&quot;,&quot;if_value&quot;:&quot;En el exterior&quot;}]},{&quot;then_field&quot;:&quot;Fuita-interior&quot;,&quot;and_rules&quot;:[{&quot;if_field&quot;:&quot;Fuita-ubicacio&quot;,&quot;operator&quot;:&quot;equals&quot;,&quot;if_value&quot;:&quot;Dins d&#039;una propietat&quot;}]},{&quot;then_field&quot;:&quot;Fuita-interior&quot;,&quot;and_rules&quot;:[{&quot;if_field&quot;:&quot;Fuita-ubicacio&quot;,&quot;operator&quot;:&quot;equals&quot;,&quot;if_value&quot;:&quot;Dentro de una propiedad&quot;}]}],&quot;settings&quot;:{&quot;animation&quot;:&quot;yes&quot;,&quot;animation_intime&quot;:200,&quot;animation_outtime&quot;:200,&quot;conditions_ui&quot;:&quot;normal&quot;,&quot;notice_dismissed&quot;:true,&quot;notice_dismissed_rollback-cf7-5.4&quot;:true,&quot;notice_dismissed_rollback-cf7-5.6.4&quot;:true,&quot;notice_dismissed_update-cf7-5.6.4&quot;:true,&quot;notice_dismissed_rollback-cf7-5.8.1&quot;:true,&quot;notice_dismissed_rollback-cf7-5.9.5&quot;:true,&quot;notice_dismissed_rollback-cf7-6.0.2&quot;:true}}\" \/><input type=\"hidden\" name=\"_wpcf7_recaptcha_response\" value=\"\" \/>\n<\/fieldset>\n<div class=\"form-input form-input-ocult\">\n\t<p><label>Codi<\/label><span class=\"wpcf7-form-control-wrap\" data-name=\"Codi\"><input size=\"40\" maxlength=\"400\" class=\"wpcf7-form-control wpcf7-text formulari-selector-codi\" aria-invalid=\"false\" value=\"\" type=\"text\" name=\"Codi\" \/><\/span>\n\t<\/p>\n<\/div>\n<div class=\"form-subtitol\">\n\t<p>\u00bfCu\u00e1l es la direcci\u00f3n exacta donde est\u00e1 la fuga?\n\t<\/p>\n<\/div>\n<div class=\"form-input\">\n\t<p><label>Direcci\u00f3n<\/label><span class=\"wpcf7-form-control-wrap\" data-name=\"Adreca\"><input size=\"40\" maxlength=\"400\" class=\"wpcf7-form-control wpcf7-text wpcf7-validates-as-required\" aria-required=\"true\" aria-invalid=\"false\" value=\"\" type=\"text\" name=\"Adreca\" \/><\/span>\n\t<\/p>\n<\/div>\n<div class=\"form-input form-col-2\">\n\t<p><label>N\u00famero aproximado<\/label><span class=\"wpcf7-form-control-wrap\" data-name=\"Adreca-num\"><input class=\"wpcf7-form-control wpcf7-number wpcf7-validates-as-required wpcf7-validates-as-number\" aria-required=\"true\" aria-invalid=\"false\" value=\"\" type=\"number\" name=\"Adreca-num\" \/><\/span>\n\t<\/p>\n<\/div>\n<div class=\"form-input form-col-2\">\n\t<p><label>Poblaci\u00f3n<\/label><span class=\"wpcf7-form-control-wrap\" data-name=\"Adreca-poblacio\"><input size=\"40\" maxlength=\"400\" class=\"wpcf7-form-control wpcf7-text wpcf7-validates-as-required\" aria-required=\"true\" aria-invalid=\"false\" value=\"\" type=\"text\" name=\"Adreca-poblacio\" \/><\/span>\n\t<\/p>\n<\/div>\n<div class=\"form-input\">\n\t<p><label>\u00bfC\u00f3mo describir\u00edas la salida de agua de la fuga?<\/label><span class=\"wpcf7-form-control-wrap\" data-name=\"Fuita-descripcio\"><select class=\"wpcf7-form-control wpcf7-select wpcf7-validates-as-required\" aria-required=\"true\" aria-invalid=\"false\" name=\"Fuita-descripcio\"><option value=\"\">&#8212;Por favor, elige una opci\u00f3n&#8212;<\/option><option value=\"Gotea\">Gotea<\/option><option value=\"Flujo constante\">Flujo constante<\/option><option value=\"Ha explotado\">Ha explotado<\/option><\/select><\/span>\n\t<\/p>\n<\/div>\n<div data-id=\"Fuita-explotat\" data-orig_data_id=\"Fuita-explotat\"  class=\"\" data-class=\"wpcf7cf_group\">\n\t<p class=\"amagar-enviat\"><b>Si es este el caso, llame al servicio de aver\u00edas 24h al 900 55 55 22<\/b>\n\t<\/p>\n<\/div>\n<div class=\"form-input\">\n\t<p><label>\u00bfD\u00f3nde se encuentra?<\/label><span class=\"wpcf7-form-control-wrap\" data-name=\"Fuita-ubicacio\"><select class=\"wpcf7-form-control wpcf7-select wpcf7-validates-as-required\" aria-required=\"true\" aria-invalid=\"false\" name=\"Fuita-ubicacio\"><option value=\"\">&#8212;Por favor, elige una opci\u00f3n&#8212;<\/option><option value=\"En el exterior\">En el exterior<\/option><option value=\"Dentro de una propiedad\">Dentro de una propiedad<\/option><\/select><\/span>\n\t<\/p>\n<\/div>\n<div data-id=\"Fuita-exterior\" data-orig_data_id=\"Fuita-exterior\"  class=\"\" data-class=\"wpcf7cf_group\">\n\t<div class=\"form-input\">\n\t\t<p><span class=\"wpcf7-form-control-wrap\" data-name=\"Fuita-ubicacio-exterior\"><select class=\"wpcf7-form-control wpcf7-select wpcf7-validates-as-required\" aria-required=\"true\" aria-invalid=\"false\" name=\"Fuita-ubicacio-exterior\"><option value=\"\">&#8212;Por favor, elige una opci\u00f3n&#8212;<\/option><option value=\"En medio de la calzada\/camino\">En medio de la calzada\/camino<\/option><option value=\"Acera\">Acera<\/option><option value=\"Parque\">Parque<\/option><option value=\"Pared\">Pared<\/option><option value=\"Muro\/margen de carretera\">Muro\/margen de carretera<\/option><option value=\"En un campo\">En un campo<\/option><\/select><\/span>\n\t\t<\/p>\n\t<\/div>\n<\/div>\n<div data-id=\"Fuita-interior\" data-orig_data_id=\"Fuita-interior\"  class=\"\" data-class=\"wpcf7cf_group\">\n\t<div class=\"form-input\">\n\t\t<p><span class=\"wpcf7-form-control-wrap\" data-name=\"Fuita-ubicacio-interior\"><select class=\"wpcf7-form-control wpcf7-select wpcf7-validates-as-required\" aria-required=\"true\" aria-invalid=\"false\" name=\"Fuita-ubicacio-interior\"><option value=\"\">&#8212;Por favor, elige una opci\u00f3n&#8212;<\/option><option value=\"Subterr\u00e1neo\">Subterr\u00e1neo<\/option><option value=\"Aparcamiento\">Aparcamiento<\/option><option value=\"Bodega\">Bodega<\/option><option value=\"Contador\">Contador<\/option><option value=\"Aforamiento\">Aforamiento<\/option><\/select><\/span>\n\t\t<\/p>\n\t<\/div>\n<\/div>\n<div class=\"form-input\">\n\t<p><label>Sube una fotograf\u00eda<\/label><span class=\"wpcf7-form-control-wrap\" data-name=\"Fuita-foto\"><input size=\"40\" class=\"wpcf7-form-control wpcf7-file\" accept=\".jpg,.jpeg,.png,.pdf\" aria-invalid=\"false\" type=\"file\" name=\"Fuita-foto\" \/><\/span>\n\t<\/p>\n<\/div>\n<div class=\"form-subtitol\">\n\t<p>D\u00e9janos tus datos\n\t<\/p>\n<\/div>\n<div class=\"form-input\">\n\t<p><label>Nombre y apellidos<\/label><span class=\"wpcf7-form-control-wrap\" data-name=\"Nom-Cognoms\"><input size=\"40\" maxlength=\"400\" class=\"wpcf7-form-control wpcf7-text wpcf7-validates-as-required\" aria-required=\"true\" aria-invalid=\"false\" value=\"\" type=\"text\" name=\"Nom-Cognoms\" \/><\/span>\n\t<\/p>\n<\/div>\n<div class=\"form-input\">\n\t<p><label>Tel\u00e9fono de contacto<\/label><span class=\"wpcf7-form-control-wrap\" data-name=\"Telefon\"><input size=\"40\" maxlength=\"400\" class=\"wpcf7-form-control wpcf7-tel wpcf7-validates-as-required wpcf7-text wpcf7-validates-as-tel\" aria-required=\"true\" aria-invalid=\"false\" value=\"\" type=\"tel\" name=\"Telefon\" \/><\/span>\n\t<\/p>\n<\/div>\n<div class=\"form-input\">\n\t<p><label>Correo electr\u00f3nico<\/label><span class=\"wpcf7-form-control-wrap\" data-name=\"Email-notificacions\"><input size=\"40\" maxlength=\"400\" class=\"wpcf7-form-control wpcf7-email wpcf7-validates-as-required wpcf7-text wpcf7-validates-as-email\" aria-required=\"true\" aria-invalid=\"false\" value=\"\" type=\"email\" name=\"Email-notificacions\" \/><\/span>\n\t<\/p>\n<\/div>\n<div class=\"form-subtitol\">\n\t<p>Ley de protecci\u00f3n de datos\n\t<\/p>\n<\/div>\n<div class=\"form-input form-input-llei-dades\">\n\t<p><span class=\"wpcf7-form-control-wrap\" data-name=\"llei-dades\"><span class=\"wpcf7-form-control wpcf7-acceptance\"><span class=\"wpcf7-list-item\"><label><input type=\"checkbox\" name=\"llei-dades\" value=\"1\" aria-invalid=\"false\" \/><span class=\"wpcf7-list-item-label\">He le\u00eddo y acepto las condiciones de uso<\/span><\/label><\/span><\/span><\/span><small>Ver <a href=\"https:\/\/www.aiguesmanresa.cat\/es\/aviso-legal\/politica-de-privacidad\/\" target=\"_blank\">pol\u00edtica de privacidad<\/a><\/small>\n\t<\/p>\n<\/div>\n<div class=\"form-input btn-enviar\">\n\t<p><input class=\"wpcf7-form-control wpcf7-submit has-spinner\" type=\"submit\" value=\"Tramitar\" \/>\n\t<\/p>\n<\/div><div class=\"wpcf7-response-output\" aria-hidden=\"true\"><\/div>\n<\/form>\n<\/div>\n[\/et_pb_text][\/et_pb_column][\/et_pb_row][\/et_pb_section]<\/p>\n","protected":false},"excerpt":{"rendered":"<p>Si ves una fuga en la calle, no dudes y env\u00edanos un aviso a trav\u00e9s de este formulario.<\/p>\n","protected":false},"author":1,"featured_media":2896,"parent":0,"menu_order":69,"comment_status":"closed","ping_status":"closed","template":"","meta":{"_et_pb_use_builder":"on","_et_pb_old_content":"","_et_gb_content_width":"","footnotes":""},"class_list":["post-6921","page","type-page","status-publish","has-post-thumbnail","hentry"],"_links":{"self":[{"href":"https:\/\/www.aiguesmanresa.cat\/es\/wp-json\/wp\/v2\/pages\/6921","targetHints":{"allow":["GET"]}}],"collection":[{"href":"https:\/\/www.aiguesmanresa.cat\/es\/wp-json\/wp\/v2\/pages"}],"about":[{"href":"https:\/\/www.aiguesmanresa.cat\/es\/wp-json\/wp\/v2\/types\/page"}],"author":[{"embeddable":true,"href":"https:\/\/www.aiguesmanresa.cat\/es\/wp-json\/wp\/v2\/users\/1"}],"replies":[{"embeddable":true,"href":"https:\/\/www.aiguesmanresa.cat\/es\/wp-json\/wp\/v2\/comments?post=6921"}],"version-history":[{"count":0,"href":"https:\/\/www.aiguesmanresa.cat\/es\/wp-json\/wp\/v2\/pages\/6921\/revisions"}],"wp:featuredmedia":[{"embeddable":true,"href":"https:\/\/www.aiguesmanresa.cat\/es\/wp-json\/wp\/v2\/media\/2896"}],"wp:attachment":[{"href":"https:\/\/www.aiguesmanresa.cat\/es\/wp-json\/wp\/v2\/media?parent=6921"}],"curies":[{"name":"wp","href":"https:\/\/api.w.org\/{rel}","templated":true}]}}