{"id":12292,"date":"2024-10-22T08:41:15","date_gmt":"2024-10-22T06:41:15","guid":{"rendered":"https:\/\/www.aiguesmanresa.cat\/aviso-legal\/accesibilidad\/"},"modified":"2025-12-02T14:55:51","modified_gmt":"2025-12-02T13:55:51","slug":"accesibilidad","status":"publish","type":"page","link":"https:\/\/www.aiguesmanresa.cat\/es\/aviso-legal\/accesibilidad\/","title":{"rendered":"Accesibilidad"},"content":{"rendered":"<p>[et_pb_section fb_built=\u00bb1&#8243; _builder_version=\u00bb4.16&#8243; global_colors_info=\u00bb{}\u00bb][et_pb_row column_structure=\u00bb1_4,3_4&#8243; _builder_version=\u00bb4.27.4&#8243; background_size=\u00bbinitial\u00bb background_position=\u00bbtop_left\u00bb background_repeat=\u00bbrepeat\u00bb custom_padding=\u00bb||0px|||\u00bb global_colors_info=\u00bb{}\u00bb][et_pb_column type=\u00bb1_4&#8243; _builder_version=\u00bb4.16&#8243; custom_padding=\u00bb|||\u00bb global_colors_info=\u00bb{}\u00bb custom_padding__hover=\u00bb|||\u00bb][et_pb_menu menu_id=\u00bb17&#8243; dropdown_menu_bg_color=\u00bbrgba(0,0,0,0)\u00bb mobile_menu_bg_color=\u00bb#005663&#8243; disabled_on=\u00bboff|off|off\u00bb admin_label=\u00bbMenu lateral affix\u00bb module_class=\u00bbmenu-lateral\u00bb _builder_version=\u00bb4.16&#8243; background_enable_color=\u00bboff\u00bb position_origin_f=\u00bbcenter_left\u00bb width=\u00bb99%\u00bb module_alignment=\u00bbcenter\u00bb custom_margin=\u00bb0px|0px|0px|0px|false|true\u00bb custom_padding=\u00bb0px|0px|0px|0px|false|false\u00bb sticky_limit_bottom=\u00bbbody\u00bb global_module=\u00bb423&#8243; saved_tabs=\u00bball\u00bb global_colors_info=\u00bb{}\u00bb][\/et_pb_menu][\/et_pb_column][et_pb_column type=\u00bb3_4&#8243; _builder_version=\u00bb4.16&#8243; custom_padding=\u00bb7px||||false|false\u00bb global_colors_info=\u00bb{}\u00bb custom_padding__hover=\u00bb|||\u00bb][et_pb_text admin_label=\u00bbT\u00edtol secci\u00f3\u00bb _builder_version=\u00bb4.19.5&#8243; _module_preset=\u00bbe41cdfd2-6ccc-4e74-990c-c4a09204eda6&#8243; custom_margin=\u00bb30px||20px||false|false\u00bb global_module=\u00bb691&#8243; saved_tabs=\u00bball\u00bb global_colors_info=\u00bb{}\u00bb]<\/p>\n<h1>Accesibilidad<\/h1>\n<p>[\/et_pb_text][et_pb_text _builder_version=\u00bb4.27.4&#8243; background_size=\u00bbinitial\u00bb background_position=\u00bbtop_left\u00bb background_repeat=\u00bbrepeat\u00bb hover_enabled=\u00bb0&#8243; global_colors_info=\u00bb{}\u00bb sticky_enabled=\u00bb0&#8243;]<\/p>\n<h5><strong>Declaraci\u00f3n de accesibilidad<\/strong><\/h5>\n<p><\/p>\n<p>Aig\u00fces de Manresa, S.A. se ha comprometido a hacer accesible su sitio web, de conformidad con el Real decreto 1112\/2018, de 7 de septiembre, sobre accesibilidad de los sitios web y aplicaciones para dispositivos m\u00f3viles del sector p\u00fablico (en adelante, Real decreto 1112\/2018), y con el Decreto 216\/2023, de 5 de diciembre, sobre accesibilidad de los sitios web y de las aplicaciones para dispositivos m\u00f3viles de la Administraci\u00f3n de la Generalidad de Catalu\u00f1a y de su sector p\u00fablico (en adelante, Decreto 216\/2023 ).<\/p>\n<p><\/p>\n<p>Esta declaraci\u00f3n de accesibilidad se aplica en el sitio web: www.aiguesmanresa.cat<\/p>\n<p><\/p>\n<h5><strong>Situaci\u00f3n de cumplimiento<\/strong><\/h5>\n<p><\/p>\n<ol>\n<li>b) Este sitio web es parcialmente conforme con el Real decreto 1112\/2018 y con el Decreto 216\/2023, debido a la falta de conformidad de los aspectos que se indica:<\/li>\n<\/ol>\n<p><\/p>\n<p>Carencias detectadas<\/p>\n<p><\/p>\n<p>Las siguientes incidencias se han identificado durante la revisi\u00f3n t\u00e9cnica de la web:<\/p>\n<p><\/p>\n<ul>\n<li>Contenido no textual<br \/>Algunas im\u00e1genes e iconos no disponen de alternativas textuales adecuadas o descriptivas. Esto puede dificultar la comprensi\u00f3n del contenido a personas que utilizan lectores de pantalla. (Criterio WCAG 1.1.1)<\/li>\n<li>Informaci\u00f3n y relaciones<br \/>Se detectan elementos que no respetan la estructura sem\u00e1ntica correcta: encabezamientos desordenados, agrupaciones visuales sin correspondencia HTML, y formularios con etiquetas incompletas. Estas carencias pueden afectar a la navegaci\u00f3n asistida ya la interpretaci\u00f3n por tecnolog\u00edas de apoyo. (Criterios WCAG 1.3.1, 1.3.2, 1.3.3)<\/li>\n<li>Prop\u00f3sito de los enlaces en contexto<br \/>Se han localizado enlaces con textos gen\u00e9ricos (\u201cLeer m\u00e1s\u201d, \u201cM\u00e1s informaci\u00f3n\u201d, etc.) que no indican la funci\u00f3n ni el destino cuando se leen fuera del contexto visual. (Criterio WCAG 2.4.4)<\/li>\n<li>Otros aspectos que requieren mejora<\/li>\n<\/ul>\n<p><\/p>\n<p>Aunque no impiden el uso general del sitio web, se han detectado otros elementos susceptibles de mejora:<\/p>\n<p><\/p>\n<ul>\n<li style=\"list-style-type: none;\">\n<ul>\n<li>Contraste de colores insuficiente en algunos botones o elementos de texto. (Criterio WCAG 1.4.3)<\/li>\n<li>Navegaci\u00f3n por teclado mejorable, especialmente en lo que se refiere al orden de foco y la visibilidad del mismo en algunos componentes. (Criterio WCAG 2.1.1 y 2.4.7)<\/li>\n<li>Documentos PDF vinculados desde la web que no siempre cumplen los requisitos de accesibilidad (texto no etiquetado, estructura interna deficiente). (Criterio WCAG 1.4.5 y EN 301 549 cap. 10)<\/li>\n<\/ul>\n<p><\/li>\n<p><\/ul>\n<p><\/p>\n<h5><strong>Preparaci\u00f3n de la declaraci\u00f3n de accesibilidad<\/strong><\/h5>\n<p><\/p>\n<p>Esta declaraci\u00f3n fue preparada el d\u00eda 2 de diciembre de 2025, a partir de la revisi\u00f3n realizada con la herramienta TAW (<a href=\"https:\/\/www.tawdis.net\">https:\/\/www.tawdis.net<\/a>) y una validaci\u00f3n manual posterior sobre las p\u00e1ginas principales del sitio web.\u00a0<\/p>\n<p><\/p>\n<h5><strong>Comunicaciones<\/strong><\/h5>\n<p><\/p>\n<p>Agradeceremos que nos env\u00ede cualquier comentario o comunicaci\u00f3n sobre los requisitos de accesibilidad de este sitio web (art\u00edculo 10.2.a del Real Decreto 1112\/2018), como por ejemplo:<\/p>\n<p><\/p>\n<p>\u00b7 Informar sobre cualquier posible incumplimiento por parte de este sitio web.<\/p>\n<p><\/p>\n<p>\u00b7 Hacer una reclamaci\u00f3n referente a dificultades de acceso al contenido de este sitio web.<\/p>\n<p><\/p>\n<p>\u00b7 Formular cualquier otra consulta o sugerencia de mejora relativa a la accesibilidad del sitio web.<\/p>\n<p><\/p>\n<p>Las comunicaciones se pueden presentar a trav\u00e9s de los siguientes medios:<\/p>\n<p><\/p>\n<ul>\n<li>Por correo electr\u00f3nico a la direcci\u00f3n info@aiguesmanresa.cat<\/li>\n<li>Presencialmente: Pla\u00e7a del Salt, 1, bajos, Manresa<\/li>\n<li>Telef\u00f3nicamente al 93 872 55 22<\/li>\n<\/ul>\n<p><\/p>\n<p>Cualquier persona f\u00edsica o jur\u00eddica puede formular quejas sobre el cumplimiento de los requisitos de accesibilidad, solicitando informaci\u00f3n relativa a contenidos que est\u00e9n excluidos de cumplirlos.<\/p>\n<p><\/p>\n<h5><strong>Reclamaciones<\/strong><\/h5>\n<p><\/p>\n<p>Si, hecha una solicitud de informaci\u00f3n accesible o queja, ha sido desestimada, no se ha atendido o bien no se ha respondido en el plazo de veinte d\u00edas h\u00e1biles establecido (art\u00edculo 16.4 del Decreto 216\/2023), se puede interponer una reclamaci\u00f3n ante la Unidad Responsable de Accesibilidad de la Administraci\u00f3n de la Generalidad de Catalu\u00f1a y de su sector p\u00fablico con estas finalidades:<\/p>\n<p><\/p>\n<ul>\n<li>Conocer los motivos de la desestimaci\u00f3n y oponerse a ellos.<\/li>\n<li>Instar a que se adopten las medidas oportunas en caso de no estar de acuerdo con la decisi\u00f3n.<\/li>\n<li>Exponer las razones por las que se considera que la respuesta no cumple con los requisitos exigidos.<\/li>\n<\/ul>\n<p><\/p>\n<p>La reclamaci\u00f3n puede presentarse a trav\u00e9s del tr\u00e1mite <a href=\"https:\/\/web.gencat.cat\/ca\/tramits\/tramits-temes\/Continguts-accessibles-al-web\">Contenidos accesibles<\/a>, siguiendo la modalidad <a href=\"https:\/\/web.gencat.cat\/ca\/tramits\/tramits-temes\/Continguts-accessibles-al-web?category=&amp;moda=2\">Reclamar una solicitud<\/a>.<\/p>\n<p><\/p>\n<p>La Unidad Responsable de Accesibilidad debe resolver la reclamaci\u00f3n en el <strong>plazo m\u00e1ximo de dos meses.<\/strong><\/p>\n<p>[\/et_pb_text][\/et_pb_column][\/et_pb_row][\/et_pb_section]<\/p>\n","protected":false},"excerpt":{"rendered":"<p>Pol\u00edtica de Accesibilidad<\/p>\n","protected":false},"author":4,"featured_media":0,"parent":6891,"menu_order":81,"comment_status":"closed","ping_status":"closed","template":"","meta":{"_et_pb_use_builder":"on","_et_pb_old_content":"","_et_gb_content_width":"","footnotes":""},"class_list":["post-12292","page","type-page","status-publish","hentry"],"_links":{"self":[{"href":"https:\/\/www.aiguesmanresa.cat\/es\/wp-json\/wp\/v2\/pages\/12292","targetHints":{"allow":["GET"]}}],"collection":[{"href":"https:\/\/www.aiguesmanresa.cat\/es\/wp-json\/wp\/v2\/pages"}],"about":[{"href":"https:\/\/www.aiguesmanresa.cat\/es\/wp-json\/wp\/v2\/types\/page"}],"author":[{"embeddable":true,"href":"https:\/\/www.aiguesmanresa.cat\/es\/wp-json\/wp\/v2\/users\/4"}],"replies":[{"embeddable":true,"href":"https:\/\/www.aiguesmanresa.cat\/es\/wp-json\/wp\/v2\/comments?post=12292"}],"version-history":[{"count":3,"href":"https:\/\/www.aiguesmanresa.cat\/es\/wp-json\/wp\/v2\/pages\/12292\/revisions"}],"predecessor-version":[{"id":13851,"href":"https:\/\/www.aiguesmanresa.cat\/es\/wp-json\/wp\/v2\/pages\/12292\/revisions\/13851"}],"up":[{"embeddable":true,"href":"https:\/\/www.aiguesmanresa.cat\/es\/wp-json\/wp\/v2\/pages\/6891"}],"wp:attachment":[{"href":"https:\/\/www.aiguesmanresa.cat\/es\/wp-json\/wp\/v2\/media?parent=12292"}],"curies":[{"name":"wp","href":"https:\/\/api.w.org\/{rel}","templated":true}]}}