{"id":11492,"date":"2025-01-09T16:51:47","date_gmt":"2025-01-09T15:51:47","guid":{"rendered":"https:\/\/www.aiguesmanresa.cat\/?page_id=11492"},"modified":"2025-01-09T16:51:47","modified_gmt":"2025-01-09T15:51:47","slug":"fondos-europeos","status":"publish","type":"page","link":"https:\/\/www.aiguesmanresa.cat\/es\/fondos-europeos\/","title":{"rendered":"Fondos Europeos"},"content":{"rendered":"<p>[et_pb_section fb_built=\u00bb1&#8243; _builder_version=\u00bb4.23.4&#8243; _module_preset=\u00bbdefault\u00bb custom_padding=\u00bb||||false|false\u00bb global_colors_info=\u00bb{}\u00bb][et_pb_row _builder_version=\u00bb4.17.4&#8243; _module_preset=\u00bbdefault\u00bb custom_padding=\u00bb||0px|||\u00bb global_colors_info=\u00bb{}\u00bb][et_pb_column type=\u00bb4_4&#8243; _builder_version=\u00bb4.17.4&#8243; _module_preset=\u00bbdefault\u00bb global_colors_info=\u00bb{}\u00bb][et_pb_text _builder_version=\u00bb4.23.4&#8243; _module_preset=\u00bbfcb0796c-a4c0-4d50-a5cc-5830127e6564&#8243; header_font=\u00bb|||on|||||\u00bb global_colors_info=\u00bb{}\u00bb]<\/p>\n<h1>Fondos Europeos<\/h1>\n<p>[\/et_pb_text][\/et_pb_column][\/et_pb_row][et_pb_row column_structure=\u00bb3_4,1_4&#8243; _builder_version=\u00bb4.23.4&#8243; _module_preset=\u00bbdefault\u00bb background_color=\u00bb#006E7E\u00bb background_image=\u00bbhttps:\/\/www.aiguesmanresa.cat\/wp-content\/uploads\/2024\/04\/perte_logo-scaled.jpg\u00bb background_position=\u00bbtop_center\u00bb background_vertical_offset=\u00bb21%\u00bb background_blend=\u00bbmultiply\u00bb custom_padding=\u00bb3rem|2rem|3rem|2rem|true|false\u00bb global_colors_info=\u00bb{}\u00bb][et_pb_column type=\u00bb3_4&#8243; _builder_version=\u00bb4.17.4&#8243; _module_preset=\u00bbdefault\u00bb global_colors_info=\u00bb{}\u00bb][et_pb_text _builder_version=\u00bb4.23.4&#8243; _module_preset=\u00bb9da39846-75f9-4c80-b27e-37dc2aa10001&#8243; background_layout=\u00bbdark\u00bb custom_margin=\u00bb1rem||15px||false|false\u00bb global_colors_info=\u00bb{}\u00bb]<\/p>\n<h2>Sostenibilidad en el Ciclo del Agua.<\/h2>\n<h3>Un proyecto de digitalizaci\u00f3n del territorio.<\/h3>\n<p>[\/et_pb_text][et_pb_image src=\u00bbhttps:\/\/www.aiguesmanresa.cat\/wp-content\/uploads\/2024\/05\/Logo-UE-Next-Generation-Color-blanc-300&#215;88-copia-1.png\u00bb _builder_version=\u00bb4.23.4&#8243; _module_preset=\u00bbdefault\u00bb hover_enabled=\u00bb0&#8243; sticky_enabled=\u00bb0&#8243; title_text=\u00bbLogo-UE-Next-Generation-Color-blanc-300&#215;88 copia\u00bb custom_padding=\u00bb|179px||||\u00bb][\/et_pb_image][et_pb_text _builder_version=\u00bb4.23.4&#8243; _module_preset=\u00bb9da39846-75f9-4c80-b27e-37dc2aa10001&#8243; background_layout=\u00bbdark\u00bb global_colors_info=\u00bb{}\u00bb]<\/p>\n<p>El contexto actual nos muestra un entorno alterado por el cambio clim\u00e1tico, con escasez de agua y una necesidad de mayor resiliencia, para un mejor control y eficiencia del ciclo integral del agua. Un control que s\u00f3lo ser\u00e1 posible con la digitalizaci\u00f3n de todos los servicios y niveles de la empresa.<\/p>\n<p>[\/et_pb_text][et_pb_button button_url=\u00bbhttps:\/\/perteaigua.aiguesmanresa.cat\/es\u00bb button_text=\u00bbEnlace a la web del proyecto\u00bb _builder_version=\u00bb4.23.4&#8243; _module_preset=\u00bbdefault\u00bb custom_button=\u00bbon\u00bb button_text_color=\u00bb#FFFFFF\u00bb background_layout=\u00bbdark\u00bb hover_enabled=\u00bb0&#8243; global_colors_info=\u00bb{}\u00bb button_bg_color__hover_enabled=\u00bbon|desktop\u00bb button_bg_color__hover=\u00bb#42C0C6&#8243; button_bg_enable_color__hover=\u00bbon\u00bb button_text_color__hover_enabled=\u00bbon|desktop\u00bb button_text_color__hover=\u00bb#FFFFFF\u00bb sticky_enabled=\u00bb0&#8243;][\/et_pb_button][\/et_pb_column][et_pb_column type=\u00bb1_4&#8243; _builder_version=\u00bb4.17.4&#8243; _module_preset=\u00bbdefault\u00bb global_colors_info=\u00bb{}\u00bb][et_pb_image src=\u00bbhttps:\/\/www.aiguesmanresa.cat\/wp-content\/uploads\/2024\/05\/perte-logo-gota.png\u00bb title_text=\u00bbperte-logo-gota\u00bb align=\u00bbcenter\u00bb align_last_edited=\u00bboff|desktop\u00bb _builder_version=\u00bb4.23.4&#8243; _module_preset=\u00bbdefault\u00bb max_width=\u00bb250px\u00bb global_colors_info=\u00bb{}\u00bb][\/et_pb_image][\/et_pb_column][\/et_pb_row][\/et_pb_section][et_pb_section fb_built=\u00bb1&#8243; _builder_version=\u00bb4.23.4&#8243; _module_preset=\u00bbdefault\u00bb background_color=\u00bb#f7f7f7&#8243; custom_padding=\u00bb2rem||2rem||true|false\u00bb global_colors_info=\u00bb{}\u00bb][et_pb_row _builder_version=\u00bb4.23.4&#8243; _module_preset=\u00bbdefault\u00bb global_colors_info=\u00bb{}\u00bb][et_pb_column type=\u00bb4_4&#8243; _builder_version=\u00bb4.23.4&#8243; _module_preset=\u00bbdefault\u00bb global_colors_info=\u00bb{}\u00bb][et_pb_text _builder_version=\u00bb4.23.4&#8243; _module_preset=\u00bbe41cdfd2-6ccc-4e74-990c-c4a09204eda6&#8243; hover_enabled=\u00bb0&#8243; global_colors_info=\u00bb{}\u00bb sticky_enabled=\u00bb0&#8243;]<\/p>\n<h2 class=\"p1\">SUSTITUCI\u00d3N DE LA COGENERACI\u00d3N POR UN SISTEMA GEOT Y AEROTERMIA EN LAS PISCINAS MUNICIPALES<\/h2>\n<p>[\/et_pb_text][et_pb_text _builder_version=\u00bb4.23.4&#8243; _module_preset=\u00bb9da39846-75f9-4c80-b27e-37dc2aa10001&#8243; hover_enabled=\u00bb0&#8243; global_colors_info=\u00bb{}\u00bb custom_padding=\u00bb1px|||||\u00bb sticky_enabled=\u00bb0&#8243;]<\/p>\n<p><strong>Descripci\u00f3n del proyecto.<\/strong><\/p>\n<p>El elevado consumo de gas natural para calentar el agua de los vasos de las piscinas, calefacci\u00f3n y agua caliente sanitaria (ACS) supone un importante gasto econ\u00f3mico y ambiental para las Piscinas Municipales Manel Estiarte Duocastella. Por eso se pidi\u00f3 una subvenci\u00f3n para llevar a cabo un proyecto de cambio del motor de cogeneraci\u00f3n por otras fuentes de energ\u00eda renovable que redujeran este impacto.<\/p>\n<p>El proyecto subvencionado con fondos del programa RENOCOGEN, combina energ\u00eda proveniente de la <strong>aerotermia, la geotermia y la hidrotermia<\/strong>. En este \u00faltimo caso, y como propuesta innovadora, se aprovechar\u00e1 el calor proveniente de las aguas residuales que circulan por el torrente de Sant Ignasi para convertirlo en calor para la instalaci\u00f3n.<\/p>\n<p>[\/et_pb_text][\/et_pb_column][\/et_pb_row][et_pb_row column_structure=\u00bb1_2,1_2&#8243; _builder_version=\u00bb4.23.4&#8243; _module_preset=\u00bbdefault\u00bb global_colors_info=\u00bb{}\u00bb][et_pb_column type=\u00bb1_2&#8243; _builder_version=\u00bb4.23.4&#8243; _module_preset=\u00bbdefault\u00bb global_colors_info=\u00bb{}\u00bb][et_pb_toggle title=\u00bbObjetivo\u00bb open_toggle_background_color=\u00bbRGBA(255,255,255,0)\u00bb closed_toggle_background_color=\u00bbRGBA(255,255,255,0)\u00bb _builder_version=\u00bb4.23.4&#8243; _module_preset=\u00bbdefault\u00bb hover_enabled=\u00bb0&#8243; global_colors_info=\u00bb{}\u00bb sticky_enabled=\u00bb0&#8243;]<\/p>\n<p>Este proyecto supondr\u00e1 una reducci\u00f3n del 45% de los costes energ\u00e9ticos de la instalaci\u00f3n, y una reducci\u00f3n del 55% de emisiones de CO2 en el ambiente, 589,64 tCO2 \/a\u00f1o.<\/p>\n<p>La idea de la propuesta, aparte de aportar una reducci\u00f3n del gasto energ\u00e9tico de la instalaci\u00f3n, tambi\u00e9n quiere convertirse en un proyecto reproducible a otras instalaciones de la ciudad.<\/p>\n<p>[\/et_pb_toggle][et_pb_toggle title=\u00bbFinanciaci\u00f3n\u00bb open_toggle_background_color=\u00bbRGBA(255,255,255,0)\u00bb closed_toggle_background_color=\u00bbRGBA(255,255,255,0)\u00bb _builder_version=\u00bb4.23.4&#8243; _module_preset=\u00bbdefault\u00bb hover_enabled=\u00bb0&#8243; global_colors_info=\u00bb{}\u00bb sticky_enabled=\u00bb0&#8243;]<\/p>\n<p>El proyecto presentado tiene un coste total de 1.181.437, de los que 62 \u20ac 392.733,21 \u20ac provendr\u00e1n de los <strong>fondos Next Generation en el marco del Plan de Recuperaci\u00f3n, Transformaci\u00f3n y Resiliencia (PRTR) a trav\u00e9s de la convocatoria RenoCogen<\/strong>, destinada a impulsar proyectos de producci\u00f3n de electricidad y\/o calor con energ\u00edas renovables.<\/p>\n<p>[\/et_pb_toggle][et_pb_toggle title=\u00bbCalendario\u00bb open_toggle_background_color=\u00bbRGBA(255,255,255,0)\u00bb closed_toggle_background_color=\u00bbRGBA(255,255,255,0)\u00bb _builder_version=\u00bb4.23.4&#8243; _module_preset=\u00bbdefault\u00bb hover_enabled=\u00bb0&#8243; global_colors_info=\u00bb{}\u00bb sticky_enabled=\u00bb0&#8243;]<\/p>\n<p>2024 &#8211; 2025<\/p>\n<p>[\/et_pb_toggle][et_pb_image src=\u00bbhttps:\/\/www.aiguesmanresa.cat\/wp-content\/uploads\/2024\/05\/renocogen-copia.png\u00bb title_text=\u00bbrenocogen copia\u00bb _builder_version=\u00bb4.23.4&#8243; _module_preset=\u00bbdefault\u00bb custom_margin=\u00bb2rem||2rem||true|false\u00bb hover_enabled=\u00bb0&#8243; global_colors_info=\u00bb{}\u00bb sticky_enabled=\u00bb0&#8243;][\/et_pb_image][\/et_pb_column][et_pb_column type=\u00bb1_2&#8243; _builder_version=\u00bb4.23.4&#8243; _module_preset=\u00bbdefault\u00bb global_colors_info=\u00bb{}\u00bb][et_pb_gallery gallery_ids=\u00bb10265,8878&#8243; fullwidth=\u00bbon\u00bb _builder_version=\u00bb4.23.4&#8243; _module_preset=\u00bbdefault\u00bb auto=\u00bbon\u00bb hover_enabled=\u00bb0&#8243; global_colors_info=\u00bb{}\u00bb sticky_enabled=\u00bb0&#8243;][\/et_pb_gallery][\/et_pb_column][\/et_pb_row][\/et_pb_section][et_pb_section fb_built=\u00bb1&#8243; _builder_version=\u00bb4.23.4&#8243; _module_preset=\u00bbdefault\u00bb background_color=\u00bb#fcfcfc\u00bb custom_padding=\u00bb2rem||2rem||true|false\u00bb global_colors_info=\u00bb{}\u00bb][et_pb_row _builder_version=\u00bb4.23.4&#8243; _module_preset=\u00bbdefault\u00bb global_colors_info=\u00bb{}\u00bb][et_pb_column type=\u00bb4_4&#8243; _builder_version=\u00bb4.23.4&#8243; _module_preset=\u00bbdefault\u00bb global_colors_info=\u00bb{}\u00bb][et_pb_text _builder_version=\u00bb4.23.4&#8243; _module_preset=\u00bbe41cdfd2-6ccc-4e74-990c-c4a09204eda6&#8243; hover_enabled=\u00bb0&#8243; global_colors_info=\u00bb{}\u00bb sticky_enabled=\u00bb0&#8243;]<\/p>\n<h2>Mejora del rendimiento de red en baja en Sant Fruit\u00f3s de Bages, Marganell y Castelltallat<\/h2>\n<p>[\/et_pb_text][et_pb_text _builder_version=\u00bb4.23.4&#8243; _module_preset=\u00bb9da39846-75f9-4c80-b27e-37dc2aa10001&#8243; hover_enabled=\u00bb0&#8243; global_colors_info=\u00bb{}\u00bb sticky_enabled=\u00bb0&#8243;]<\/p>\n<p><strong>Descripci\u00f3n del proyecto. <\/strong>La subvenci\u00f3n concedida a los municipios de Sant Fruit\u00f3s de Bages, Marganell y al n\u00facleo de Castelltallat de Sant Mateu de Bages, permitir\u00e1n mejorar el rendimiento de red en baja, en m\u00e1s de un 20%. Concretamente en Sant Fruit\u00f3s de Bages en un 36,36%, en Marganell en un 25% y en el n\u00facleo de Castelltallat en un 35,38%.<\/p>\n<p>Las subvenciones han sido concedidas a los Ayuntamientos, y Aig\u00fces Manresa como medio propio de \u00e9stos, es la encargada de ejecutar las obras asociadas.<\/p>\n<p>[\/et_pb_text][\/et_pb_column][\/et_pb_row][et_pb_row column_structure=\u00bb1_2,1_2&#8243; _builder_version=\u00bb4.23.4&#8243; _module_preset=\u00bbdefault\u00bb global_colors_info=\u00bb{}\u00bb][et_pb_column type=\u00bb1_2&#8243; _builder_version=\u00bb4.23.4&#8243; _module_preset=\u00bbdefault\u00bb global_colors_info=\u00bb{}\u00bb][et_pb_toggle title=\u00bbObjetivo\u00bb open_toggle_background_color=\u00bbRGBA(255,255,255,0)\u00bb closed_toggle_background_color=\u00bbRGBA(255,255,255,0)\u00bb _builder_version=\u00bb4.23.4&#8243; _module_preset=\u00bbdefault\u00bb hover_enabled=\u00bb0&#8243; global_colors_info=\u00bb{}\u00bb sticky_enabled=\u00bb0&#8243;]<\/p>\n<p>Mejorar el rendimiento de las distintas redes en baja en m\u00e1s de un 20%. Esta mejora, aparte del evidente ahorro de agua, tambi\u00e9n lleva enlazados ahorros energ\u00e9ticos y de gesti\u00f3n.<\/p>\n<p>[\/et_pb_toggle][et_pb_toggle title=\u00bbFinanciaci\u00f3n\u00bb open_toggle_background_color=\u00bbRGBA(255,255,255,0)\u00bb closed_toggle_background_color=\u00bbRGBA(255,255,255,0)\u00bb _builder_version=\u00bb4.23.4&#8243; _module_preset=\u00bbdefault\u00bb hover_enabled=\u00bb0&#8243; global_colors_info=\u00bb{}\u00bb custom_padding=\u00bb20px|3px||3px|false|true\u00bb sticky_enabled=\u00bb0&#8243;]<\/p>\n<p>Los Fondos Europeos &#8211; NextGeneration EU en el marco del Plan de Recuperaci\u00f3n, Transformaci\u00f3n y Resiliencia (PRTR) con la colaboraci\u00f3n de la Generalitat de Catalunya. Next Generation Catalunya han concedido 830.026,60 \u20ac a los Ayuntamientos de:<\/p>\n<p>Sant Fruit\u00f3s de Bages | 500.000 \u20ac<br \/>Castelltallat | 237.992,38 \u20ac<br \/>Marganell | 92.034,22 \u20ac<\/p>\n<p>[\/et_pb_toggle][et_pb_toggle title=\u00bbCalendario\u00bb open_toggle_background_color=\u00bbRGBA(255,255,255,0)\u00bb closed_toggle_background_color=\u00bbRGBA(255,255,255,0)\u00bb _builder_version=\u00bb4.23.4&#8243; _module_preset=\u00bbdefault\u00bb hover_enabled=\u00bb0&#8243; global_colors_info=\u00bb{}\u00bb sticky_enabled=\u00bb0&#8243;]<\/p>\n<p>2024<\/p>\n<p>[\/et_pb_toggle][et_pb_image src=\u00bbhttps:\/\/www.aiguesmanresa.cat\/wp-content\/uploads\/2024\/05\/APLICACIO-LOGOTIPS-1024&#215;89.png\u00bb title_text=\u00bbAPLICACIO LOGOTIPS\u00bb _builder_version=\u00bb4.23.4&#8243; _module_preset=\u00bbdefault\u00bb custom_margin=\u00bb2rem||2rem||true|false\u00bb global_colors_info=\u00bb{}\u00bb][\/et_pb_image][\/et_pb_column][et_pb_column type=\u00bb1_2&#8243; _builder_version=\u00bb4.23.4&#8243; _module_preset=\u00bbdefault\u00bb global_colors_info=\u00bb{}\u00bb][et_pb_gallery gallery_ids=\u00bb11356&#8243; fullwidth=\u00bbon\u00bb _builder_version=\u00bb4.23.4&#8243; _module_preset=\u00bbdefault\u00bb auto=\u00bbon\u00bb hover_enabled=\u00bb0&#8243; global_colors_info=\u00bb{}\u00bb sticky_enabled=\u00bb0&#8243;][\/et_pb_gallery][\/et_pb_column][\/et_pb_row][\/et_pb_section][et_pb_section fb_built=\u00bb1&#8243; _builder_version=\u00bb4.17.4&#8243; _module_preset=\u00bbdefault\u00bb global_colors_info=\u00bb{}\u00bb][et_pb_row _builder_version=\u00bb4.17.4&#8243; _module_preset=\u00bbdefault\u00bb global_colors_info=\u00bb{}\u00bb][et_pb_column type=\u00bb4_4&#8243; _builder_version=\u00bb4.17.4&#8243; _module_preset=\u00bbdefault\u00bb global_colors_info=\u00bb{}\u00bb][et_pb_text _builder_version=\u00bb4.23.4&#8243; _module_preset=\u00bbfcb0796c-a4c0-4d50-a5cc-5830127e6564&#8243; global_colors_info=\u00bb{}\u00bb]<\/p>\n<h4>Noticias sobre Fondos Europeos<\/h4>\n<p>[\/et_pb_text][et_pb_blog fullwidth=\u00bboff\u00bb posts_number=\u00bb3&#8243; include_categories=\u00bb128&#8243; meta_date=\u00bbd\/m\/Y\u00bb show_categories=\u00bbon\u00bb show_pagination=\u00bboff\u00bb _builder_version=\u00bb4.23.4&#8243; _module_preset=\u00bbdefault\u00bb header_font_size=\u00bb1.5rem\u00bb header_line_height=\u00bb1.9rem\u00bb meta_font=\u00bbRaleway Numerals 700|||on|||||\u00bb meta_font_size=\u00bb0.8rem\u00bb meta_line_height=\u00bb1.1rem\u00bb custom_margin=\u00bb||0px||false|false\u00bb header_font_size_tablet=\u00bb1.4rem\u00bb header_line_height_tablet=\u00bb1.7rem\u00bb border_width_all=\u00bb0px\u00bb global_colors_info=\u00bb{}\u00bb][\/et_pb_blog][et_pb_button button_url=\u00bbhttps:\/\/www.aiguesmanresa.cat\/es\/category\/fondos-europeos\/\u00bb button_text=\u00bbVer m\u00e1s noticias\u00bb button_alignment=\u00bbcenter\u00bb _builder_version=\u00bb4.23.4&#8243; _module_preset=\u00bbdefault\u00bb custom_button=\u00bbon\u00bb global_colors_info=\u00bb{}\u00bb][\/et_pb_button][\/et_pb_column][\/et_pb_row][\/et_pb_section]<\/p>\n","protected":false},"excerpt":{"rendered":"<p>Proyectos y novedades sobre Fondos Europeos<\/p>\n","protected":false},"author":1,"featured_media":11309,"parent":0,"menu_order":34,"comment_status":"closed","ping_status":"closed","template":"","meta":{"_et_pb_use_builder":"on","_et_pb_old_content":"","_et_gb_content_width":"","footnotes":""},"class_list":["post-11492","page","type-page","status-publish","has-post-thumbnail","hentry"],"_links":{"self":[{"href":"https:\/\/www.aiguesmanresa.cat\/es\/wp-json\/wp\/v2\/pages\/11492","targetHints":{"allow":["GET"]}}],"collection":[{"href":"https:\/\/www.aiguesmanresa.cat\/es\/wp-json\/wp\/v2\/pages"}],"about":[{"href":"https:\/\/www.aiguesmanresa.cat\/es\/wp-json\/wp\/v2\/types\/page"}],"author":[{"embeddable":true,"href":"https:\/\/www.aiguesmanresa.cat\/es\/wp-json\/wp\/v2\/users\/1"}],"replies":[{"embeddable":true,"href":"https:\/\/www.aiguesmanresa.cat\/es\/wp-json\/wp\/v2\/comments?post=11492"}],"version-history":[{"count":0,"href":"https:\/\/www.aiguesmanresa.cat\/es\/wp-json\/wp\/v2\/pages\/11492\/revisions"}],"wp:featuredmedia":[{"embeddable":true,"href":"https:\/\/www.aiguesmanresa.cat\/es\/wp-json\/wp\/v2\/media\/11309"}],"wp:attachment":[{"href":"https:\/\/www.aiguesmanresa.cat\/es\/wp-json\/wp\/v2\/media?parent=11492"}],"curies":[{"name":"wp","href":"https:\/\/api.w.org\/{rel}","templated":true}]}}